{"id":9027,"date":"2025-08-30T18:52:15","date_gmt":"2025-08-30T18:52:15","guid":{"rendered":"https:\/\/techgenius.hu\/?page_id=9027"},"modified":"2025-12-13T22:15:28","modified_gmt":"2025-12-13T22:15:28","slug":"services","status":"publish","type":"page","link":"https:\/\/techgenius.hu\/en\/szolgaltatasok\/","title":{"rendered":"Services"},"content":{"rendered":"<div data-elementor-type=\"wp-page\" data-elementor-id=\"9027\" class=\"elementor elementor-9027\" data-elementor-post-type=\"page\">\n\t\t\t\t<div class=\"elementor-element elementor-element-c287fc7 e-grid e-con-boxed e-con e-parent\" data-id=\"c287fc7\" data-element_type=\"container\" data-e-type=\"container\">\n\t\t\t\t\t<div class=\"e-con-inner\">\n\t\t\t\t<div class=\"elementor-element elementor-element-80cffdc elementor-widget elementor-widget-text-editor\" data-id=\"80cffdc\" data-element_type=\"widget\" data-e-type=\"widget\" data-widget_type=\"text-editor.default\">\n\t\t\t\t\t\t\t\t\t<h4><strong>Job placement <\/strong><\/h4><p>Recruitment is our passion. From precisely defining your needs to integrating new team members, the recruitment process requires specialized expertise. \u00a0<\/p><p>At TechGenius Recruitment, we combine targeted search methods, deep IT market knowledge, and quick response times to ensure your hiring process ends with success and satisfaction.<\/p><p>How does our service work?<\/p><ul><li><strong>Fully understand the position and make professional recommendations<\/strong> - because we all know how important it is to start your search in the right direction from the beginning.<\/li><li class=\"translation-block\">\u2022Targeted candidate sourcing \u2013 this is where the real work begins; without a solid sourcing strategy, there\u2019s no one to present to you.<\/li><li><strong>Pre-screening and interviewing<\/strong> - no, it's not a 10-minute phone call. We conduct competency-based, structured interviews with candidates to assess how well they fit into your company culture.<\/li><li><strong>Candidate management throughout the selection process <\/strong>- we make sure you don't miss out on any valuable specialist and you're always aware of any parallel offers.<\/li><li><strong>Support in the first 6 months<\/strong> - because we believe that continuous, open communication is the key to successful integration.<\/li><\/ul>\t\t\t\t\t\t\t\t<\/div>\n\t\t\t\t<div class=\"elementor-element elementor-element-96a6f10 elementor-widget__width-auto elementor-widget elementor-widget-image\" data-id=\"96a6f10\" data-element_type=\"widget\" data-e-type=\"widget\" data-widget_type=\"image.default\">\n\t\t\t\t\t\t\t\t\t\t\t\t\t\t\t<img fetchpriority=\"high\" decoding=\"async\" width=\"660\" height=\"991\" src=\"https:\/\/techgenius.hu\/wp-content\/uploads\/2025\/09\/Szolgaltatasok-Munkaero_kozv-682x1024.png\" class=\"attachment-large size-large wp-image-9232\" alt=\"\" srcset=\"https:\/\/techgenius.hu\/wp-content\/uploads\/2025\/09\/Szolgaltatasok-Munkaero_kozv-682x1024.png 682w, https:\/\/techgenius.hu\/wp-content\/uploads\/2025\/09\/Szolgaltatasok-Munkaero_kozv-600x900.png 600w, https:\/\/techgenius.hu\/wp-content\/uploads\/2025\/09\/Szolgaltatasok-Munkaero_kozv-200x300.png 200w, https:\/\/techgenius.hu\/wp-content\/uploads\/2025\/09\/Szolgaltatasok-Munkaero_kozv-768x1152.png 768w, https:\/\/techgenius.hu\/wp-content\/uploads\/2025\/09\/Szolgaltatasok-Munkaero_kozv-8x12.png 8w, https:\/\/techgenius.hu\/wp-content\/uploads\/2025\/09\/Szolgaltatasok-Munkaero_kozv.png 853w\" sizes=\"(max-width: 660px) 100vw, 660px\" \/>\t\t\t\t\t\t\t\t\t\t\t\t\t\t\t<\/div>\n\t\t\t\t\t<\/div>\n\t\t\t\t<\/div>\n\t\t<div class=\"elementor-element elementor-element-d5788aa e-grid e-con-boxed e-con e-parent\" data-id=\"d5788aa\" data-element_type=\"container\" data-e-type=\"container\">\n\t\t\t\t\t<div class=\"e-con-inner\">\n\t\t\t\t<div class=\"elementor-element elementor-element-9bf434d elementor-widget__width-auto elementor-widget elementor-widget-image\" data-id=\"9bf434d\" data-element_type=\"widget\" data-e-type=\"widget\" data-widget_type=\"image.default\">\n\t\t\t\t\t\t\t\t\t\t\t\t\t\t\t<img decoding=\"async\" width=\"660\" height=\"700\" src=\"https:\/\/techgenius.hu\/wp-content\/uploads\/2025\/09\/Szolgaltatasok-Outsourcing-965x1024.png\" class=\"attachment-large size-large wp-image-9239\" alt=\"\" srcset=\"https:\/\/techgenius.hu\/wp-content\/uploads\/2025\/09\/Szolgaltatasok-Outsourcing-965x1024.png 965w, https:\/\/techgenius.hu\/wp-content\/uploads\/2025\/09\/Szolgaltatasok-Outsourcing-600x637.png 600w, https:\/\/techgenius.hu\/wp-content\/uploads\/2025\/09\/Szolgaltatasok-Outsourcing-283x300.png 283w, https:\/\/techgenius.hu\/wp-content\/uploads\/2025\/09\/Szolgaltatasok-Outsourcing-768x815.png 768w, https:\/\/techgenius.hu\/wp-content\/uploads\/2025\/09\/Szolgaltatasok-Outsourcing-11x12.png 11w, https:\/\/techgenius.hu\/wp-content\/uploads\/2025\/09\/Szolgaltatasok-Outsourcing-1447x1536.png 1447w, https:\/\/techgenius.hu\/wp-content\/uploads\/2025\/09\/Szolgaltatasok-Outsourcing.png 1808w\" sizes=\"(max-width: 660px) 100vw, 660px\" \/>\t\t\t\t\t\t\t\t\t\t\t\t\t\t\t<\/div>\n\t\t\t\t<div class=\"elementor-element elementor-element-39a9353 elementor-widget elementor-widget-text-editor\" data-id=\"39a9353\" data-element_type=\"widget\" data-e-type=\"widget\" data-widget_type=\"text-editor.default\">\n\t\t\t\t\t\t\t\t\t<h4><strong>Outplacement<\/strong><\/h4><p>In the fast-changing IT market, we focus on managing transitions with a human touch.<\/p><p>Our outplacement programs support departing employees in securing new opportunities quickly, while preserving and strengthening your employer brand.<\/p><p>Through targeted career consulting, market insights, and personalized guidance, we ensure that professionals are well-prepared to re-enter the job market. For some candidates, this means refining their r\u00e9sum\u00e9s; for others, it involves building confidence through English-language mock interviews or tailored coaching.<\/p><p>With a combination of empathy and professional expertise, we guide candidates through every step of their transition toward a successful new beginning.<\/p>\t\t\t\t\t\t\t\t<\/div>\n\t\t\t\t\t<\/div>\n\t\t\t\t<\/div>\n\t\t<div class=\"elementor-element elementor-element-cf1b900 e-con-full e-flex e-con e-parent\" data-id=\"cf1b900\" data-element_type=\"container\" data-e-type=\"container\">\n\t\t<div class=\"elementor-element elementor-element-8294a5b e-flex e-con-boxed e-con e-child\" data-id=\"8294a5b\" data-element_type=\"container\" data-e-type=\"container\">\n\t\t\t\t\t<div class=\"e-con-inner\">\n\t\t\t\t\t<\/div>\n\t\t\t\t<\/div>\n\t\t\t\t<div class=\"elementor-element elementor-element-b37e2e1 elementor-widget elementor-widget-text-editor\" data-id=\"b37e2e1\" data-element_type=\"widget\" data-e-type=\"widget\" data-widget_type=\"text-editor.default\">\n\t\t\t\t\t\t\t\t\t<h4><strong>Advertising packages <\/strong><\/h4><p>When you need an IT professional, posting a job ad might not be your first thought. We challenge you \u2014 because the right advertisement is the beginning of successful recruitment, provided you know how to reach your target audience effectively.<\/p><p>Our advertising packages are designed to ensure your job openings are placed in the right locations, at the right time, to engage the right candidates.<\/p><p>Through optimized copywriting, strategic platform selection, and targeted campaigns, we help maximize your visibility and position you ahead of the competition.<\/p><p>Through optimized copywriting, strategic platform selection, and targeted campaigns, we help maximize your visibility and position you ahead of the competition.<\/p><p>\u00a0<\/p><h4><strong>IT Market research, surveys <\/strong><\/h4><p>How can well-informed decisions be made without a deep understanding of the market?<\/p><p>Even more, imagine being instantly notified of changes at your competitors \u2014 including downsizing \u2014 so you can approach the most valuable professionals first.<\/p><p>The TechGenius team delivers the latest IT market insights directly to you.<\/p><p>Our market research solutions provide an accurate view of current salary trends, talent availability, and competitive dynamics.<\/p><p>You can rely on us whether you are building a new team, expanding an existing one, or entering a new market.<\/p>\t\t\t\t\t\t\t\t<\/div>\n\t\t\t\t<div class=\"elementor-element elementor-element-9eeaa4e elementor-widget elementor-widget-menu-anchor\" data-id=\"9eeaa4e\" data-element_type=\"widget\" data-e-type=\"widget\" data-widget_type=\"menu-anchor.default\">\n\t\t\t\t\t\t\t<div class=\"elementor-menu-anchor\" id=\"hogyan-dolgozunk\"><\/div>\n\t\t\t\t\t\t<\/div>\n\t\t<div class=\"elementor-element elementor-element-60df1b8 e-flex e-con-boxed e-con e-child\" data-id=\"60df1b8\" data-element_type=\"container\" data-e-type=\"container\">\n\t\t\t\t\t<div class=\"e-con-inner\">\n\t\t\t\t\t<\/div>\n\t\t\t\t<\/div>\n\t\t\t\t<\/div>\n\t\t<div class=\"elementor-element elementor-element-3a939bf e-grid e-con-boxed e-con e-parent\" data-id=\"3a939bf\" data-element_type=\"container\" data-e-type=\"container\">\n\t\t\t\t\t<div class=\"e-con-inner\">\n\t\t\t\t<div class=\"elementor-element elementor-element-a6e50a5 elementor-widget elementor-widget-text-editor\" data-id=\"a6e50a5\" data-element_type=\"widget\" data-e-type=\"widget\" data-widget_type=\"text-editor.default\">\n\t\t\t\t\t\t\t\t\t<h4><strong>Our Approach<\/strong><\/h4><p>Whether it\u2019s startups, scaling tech companies, or large enterprise projects, every partner receives personalized support with us.<\/p><p>The TechGenius Recruitment team offers end-to-end solutions for our clients, covering all segments of IT \u2014 from software development to data management and cybersecurity.<\/p><p class=\"translation-block\">Every search we conduct is a carefully planned project, focusing not only on technical expertise but also on the candidate\u2019s cultural and personality fit.<\/p><p class=\"translation-block\">Most importantly, every search we undertake is built on trust, transparency, and measurable results.<\/p><p>If you require professional IT recruitment, TechGenius Recruitment is your solution.<\/p>\t\t\t\t\t\t\t\t<\/div>\n\t\t\t\t<div class=\"elementor-element elementor-element-841c6b3 elementor-widget__width-auto elementor-widget elementor-widget-image\" data-id=\"841c6b3\" data-element_type=\"widget\" data-e-type=\"widget\" data-widget_type=\"image.default\">\n\t\t\t\t\t\t\t\t\t\t\t\t\t\t\t<img decoding=\"async\" width=\"660\" height=\"462\" src=\"https:\/\/techgenius.hu\/wp-content\/uploads\/2025\/09\/Hogyan-dolgozunk-old-1024x717.png\" class=\"attachment-large size-large wp-image-9241\" alt=\"\" srcset=\"https:\/\/techgenius.hu\/wp-content\/uploads\/2025\/09\/Hogyan-dolgozunk-old-1024x717.png 1024w, https:\/\/techgenius.hu\/wp-content\/uploads\/2025\/09\/Hogyan-dolgozunk-old-600x420.png 600w, https:\/\/techgenius.hu\/wp-content\/uploads\/2025\/09\/Hogyan-dolgozunk-old-300x210.png 300w, https:\/\/techgenius.hu\/wp-content\/uploads\/2025\/09\/Hogyan-dolgozunk-old-768x538.png 768w, https:\/\/techgenius.hu\/wp-content\/uploads\/2025\/09\/Hogyan-dolgozunk-old-18x12.png 18w, https:\/\/techgenius.hu\/wp-content\/uploads\/2025\/09\/Hogyan-dolgozunk-old-1536x1075.png 1536w, https:\/\/techgenius.hu\/wp-content\/uploads\/2025\/09\/Hogyan-dolgozunk-old.png 1920w\" sizes=\"(max-width: 660px) 100vw, 660px\" \/>\t\t\t\t\t\t\t\t\t\t\t\t\t\t\t<\/div>\n\t\t\t\t\t<\/div>\n\t\t\t\t<\/div>\n\t\t\t\t<\/div>","protected":false},"excerpt":{"rendered":"<p>Munkaer\u0151-k\u00f6zvet\u00edt\u00e9s A munkaer\u0151 k\u00f6zvet\u00edt\u00e9s a sz\u00edv\u00fcgy\u00fcnk. Az ig\u00e9nyek pontos meghat\u00e1roz\u00e1s\u00e1t\u00f3l kezdve, eg\u00e9szen az \u00faj munkat\u00e1rsak integr\u00e1l\u00e1s\u00e1ig, a toborz\u00e1si folyamat speci\u00e1lis szak\u00e9rtelmet ig\u00e9nyel. \u00a0 A TechGenius Recruitment c\u00e9lzott keres\u00e9si m\u00f3dszerekkel, m\u00e9ly IT piaci ismeretekkel \u00e9s gyors reakci\u00f3id\u0151vel biztos\u00edtja, hogy el\u00e9gedetten \u00e9s sikeresen z\u00e1rjuk a keres\u00e9st. Hogyan \u00e9p\u00fcl fel a szolg\u00e1ltat\u00e1s? A poz\u00edci\u00f3 teljes k\u00f6r\u0171 meg\u00e9rt\u00e9se \u00e9s [&hellip;]<\/p>\n","protected":false},"author":1,"featured_media":0,"parent":0,"menu_order":0,"comment_status":"closed","ping_status":"closed","template":"","meta":{"rs_blank_template":"","rs_page_bg_color":"","slide_template_v7":"","footnotes":""},"class_list":["post-9027","page","type-page","status-publish","hentry"],"_links":{"self":[{"href":"https:\/\/techgenius.hu\/en\/wp-json\/wp\/v2\/pages\/9027","targetHints":{"allow":["GET"]}}],"collection":[{"href":"https:\/\/techgenius.hu\/en\/wp-json\/wp\/v2\/pages"}],"about":[{"href":"https:\/\/techgenius.hu\/en\/wp-json\/wp\/v2\/types\/page"}],"author":[{"embeddable":true,"href":"https:\/\/techgenius.hu\/en\/wp-json\/wp\/v2\/users\/1"}],"replies":[{"embeddable":true,"href":"https:\/\/techgenius.hu\/en\/wp-json\/wp\/v2\/comments?post=9027"}],"version-history":[{"count":34,"href":"https:\/\/techgenius.hu\/en\/wp-json\/wp\/v2\/pages\/9027\/revisions"}],"predecessor-version":[{"id":9248,"href":"https:\/\/techgenius.hu\/en\/wp-json\/wp\/v2\/pages\/9027\/revisions\/9248"}],"wp:attachment":[{"href":"https:\/\/techgenius.hu\/en\/wp-json\/wp\/v2\/media?parent=9027"}],"curies":[{"name":"wp","href":"https:\/\/api.w.org\/{rel}","templated":true}]}}