{"id":8980,"date":"2025-08-28T21:40:03","date_gmt":"2025-08-28T21:40:03","guid":{"rendered":"https:\/\/techgenius.hu\/?page_id=8980"},"modified":"2025-12-13T22:15:10","modified_gmt":"2025-12-13T22:15:10","slug":"areas","status":"publish","type":"page","link":"https:\/\/techgenius.hu\/en\/szakteruleteink\/","title":{"rendered":"Areas for which we recruit effectively"},"content":{"rendered":"<div data-elementor-type=\"wp-page\" data-elementor-id=\"8980\" class=\"elementor elementor-8980\" data-elementor-post-type=\"page\">\n\t\t\t\t<div class=\"elementor-element elementor-element-6478901 e-flex e-con-boxed e-con e-parent\" data-id=\"6478901\" data-element_type=\"container\" data-e-type=\"container\">\n\t\t\t\t\t<div class=\"e-con-inner\">\n\t\t\t\t<div class=\"elementor-element elementor-element-79bf42e elementor-widget elementor-widget-menu-anchor\" data-id=\"79bf42e\" data-element_type=\"widget\" data-e-type=\"widget\" data-widget_type=\"menu-anchor.default\">\n\t\t\t\t\t\t\t<div class=\"elementor-menu-anchor\" id=\"ai\"><\/div>\n\t\t\t\t\t\t<\/div>\n\t\t\t\t<div class=\"elementor-element elementor-element-1379bde elementor-widget elementor-widget-image\" data-id=\"1379bde\" data-element_type=\"widget\" data-e-type=\"widget\" data-widget_type=\"image.default\">\n\t\t\t\t\t\t\t\t\t\t\t\t\t\t\t<img fetchpriority=\"high\" decoding=\"async\" width=\"660\" height=\"440\" src=\"https:\/\/techgenius.hu\/wp-content\/uploads\/2025\/09\/engineer-4904884_1920-1024x683.jpg\" class=\"attachment-large size-large wp-image-9273\" alt=\"\" srcset=\"https:\/\/techgenius.hu\/wp-content\/uploads\/2025\/09\/engineer-4904884_1920-1024x683.jpg 1024w, https:\/\/techgenius.hu\/wp-content\/uploads\/2025\/09\/engineer-4904884_1920-600x400.jpg 600w, https:\/\/techgenius.hu\/wp-content\/uploads\/2025\/09\/engineer-4904884_1920-300x200.jpg 300w, https:\/\/techgenius.hu\/wp-content\/uploads\/2025\/09\/engineer-4904884_1920-768x512.jpg 768w, https:\/\/techgenius.hu\/wp-content\/uploads\/2025\/09\/engineer-4904884_1920-18x12.jpg 18w, https:\/\/techgenius.hu\/wp-content\/uploads\/2025\/09\/engineer-4904884_1920-1536x1025.jpg 1536w, https:\/\/techgenius.hu\/wp-content\/uploads\/2025\/09\/engineer-4904884_1920.jpg 1920w\" sizes=\"(max-width: 660px) 100vw, 660px\" \/>\t\t\t\t\t\t\t\t\t\t\t\t\t\t\t<\/div>\n\t\t\t\t<div class=\"elementor-element elementor-element-2411d9a elementor-widget elementor-widget-menu-anchor\" data-id=\"2411d9a\" data-element_type=\"widget\" data-e-type=\"widget\" data-widget_type=\"menu-anchor.default\">\n\t\t\t\t\t\t\t<div class=\"elementor-menu-anchor\" id=\"szoftverfejlesztes\"><\/div>\n\t\t\t\t\t\t<\/div>\n\t\t\t\t<div class=\"elementor-element elementor-element-5ff4e68 elementor-widget elementor-widget-text-editor\" data-id=\"5ff4e68\" data-element_type=\"widget\" data-e-type=\"widget\" data-widget_type=\"text-editor.default\">\n\t\t\t\t\t\t\t\t\t<div class=\"elementor-element elementor-element-9cb2087 e-flex e-con-boxed e-con e-parent e-lazyloaded\" data-id=\"9cb2087\" data-element_type=\"container\" data-settings=\"{&quot;background_background&quot;:&quot;classic&quot;}\"><div class=\"e-con-inner\"><div class=\"elementor-element elementor-element-e2ac969 elementor-widget elementor-widget-text-editor\" data-id=\"e2ac969\" data-element_type=\"widget\" data-widget_type=\"text-editor.default\"><h3>AI &amp; Machine Learning<\/h3><p>AI and Machine Learning are fundamentally reshaping the business world today. TechGenius Recruitment aims to connect the most talented AI and ML professionals with companies that want to stay at the forefront of technological innovation.<\/p><p>We understand that these positions require specific expertise and deep technical knowledge - which is why we have paid special attention to developing our consultants and deepening their skills.<\/p><p>Our experienced recruiters keep up with the rapid changes in the industry, so we know exactly what it takes to build successful AI and ML teams. What's more, we have an extensive network of contacts in the sector, which is a great advantage when recruiting.<\/p><p>While our expertise covers the entire field of artificial intelligence, below are some of our most sought-after positions:<\/p><ul><li>Computer Vision Engineer<\/li><li>NLP Engineer \/ Specialist<\/li><li>Deep Learning Engineer<\/li><li>AI \/ ML Data Scientist<\/li><\/ul><\/div><div class=\"elementor-element elementor-element-0f80d78 elementor-widget elementor-widget-menu-anchor\" data-id=\"0f80d78\" data-element_type=\"widget\" data-widget_type=\"menu-anchor.default\"><div id=\"AI\" class=\"elementor-menu-anchor\">\u00a0<\/div><\/div><\/div><\/div>\t\t\t\t\t\t\t\t<\/div>\n\t\t\t\t<div class=\"elementor-element elementor-element-22864af elementor-widget elementor-widget-menu-anchor\" data-id=\"22864af\" data-element_type=\"widget\" data-e-type=\"widget\" data-widget_type=\"menu-anchor.default\">\n\t\t\t\t\t\t\t<div class=\"elementor-menu-anchor\" id=\"jatekfejlesztes\"><\/div>\n\t\t\t\t\t\t<\/div>\n\t\t\t\t<div class=\"elementor-element elementor-element-00c38d2 elementor-widget elementor-widget-text-editor\" data-id=\"00c38d2\" data-element_type=\"widget\" data-e-type=\"widget\" data-widget_type=\"text-editor.default\">\n\t\t\t\t\t\t\t\t\t<div class=\"elementor-element elementor-element-9cb2087 e-flex e-con-boxed e-con e-parent e-lazyloaded\" data-id=\"9cb2087\" data-element_type=\"container\" data-settings=\"{&quot;background_background&quot;:&quot;classic&quot;}\"><div class=\"e-con-inner\"><div class=\"elementor-element elementor-element-eb13fb8 e-con-full e-flex e-con e-child\" data-id=\"eb13fb8\" data-element_type=\"container\"><div class=\"elementor-element elementor-element-35e7f1f elementor-widget elementor-widget-text-editor\" data-id=\"35e7f1f\" data-element_type=\"widget\" data-widget_type=\"text-editor.default\"><h3>Software development<\/h3><p>Software development is one of the most dominant and dynamic areas of IT, where creativity and technical knowledge go hand in hand. TechGenius Recruitment aims to find the best developers for clients who want to create innovative solutions. We know that each project presents unique challenges, which is why we employ unique recruitment strategies. Whether it's backend, frontend or full-stack developers, efficiency is always our top priority. It's not just about the technology stack and professional skills, but also about the team fit and motivation of the candidates<\/p><\/div><\/div><\/div><\/div><div class=\"elementor-element elementor-element-486d56a e-flex e-con-boxed e-con e-parent e-lazyloaded\" data-id=\"486d56a\" data-element_type=\"container\"><div class=\"e-con-inner\"><div class=\"elementor-element elementor-element-c97df2c elementor-widget elementor-widget-text-editor\" data-id=\"c97df2c\" data-element_type=\"widget\" data-widget_type=\"text-editor.default\">\u00a0<\/div><\/div><\/div>\t\t\t\t\t\t\t\t<\/div>\n\t\t\t\t<div class=\"elementor-element elementor-element-9ffbea5 elementor-widget elementor-widget-menu-anchor\" data-id=\"9ffbea5\" data-element_type=\"widget\" data-e-type=\"widget\" data-widget_type=\"menu-anchor.default\">\n\t\t\t\t\t\t\t<div class=\"elementor-menu-anchor\" id=\"it-infrastruktura\"><\/div>\n\t\t\t\t\t\t<\/div>\n\t\t\t\t<div class=\"elementor-element elementor-element-9c2bec5 elementor-widget elementor-widget-text-editor\" data-id=\"9c2bec5\" data-element_type=\"widget\" data-e-type=\"widget\" data-widget_type=\"text-editor.default\">\n\t\t\t\t\t\t\t\t\t<div class=\"elementor-element elementor-element-9cb2087 e-flex e-con-boxed e-con e-parent e-lazyloaded\" data-id=\"9cb2087\" data-element_type=\"container\" data-settings=\"{&quot;background_background&quot;:&quot;classic&quot;}\"><div class=\"e-con-inner\"><div class=\"elementor-element elementor-element-eb13fb8 e-con-full e-flex e-con e-child\" data-id=\"eb13fb8\" data-element_type=\"container\"><div class=\"elementor-element elementor-element-4ae219c e-con-full e-flex e-con e-child\" data-id=\"4ae219c\" data-element_type=\"container\"><div class=\"elementor-element elementor-element-d5105bf elementor-widget elementor-widget-text-editor\" data-id=\"d5105bf\" data-element_type=\"widget\" data-widget_type=\"text-editor.default\"><h3>Game development<\/h3><p>The world of game development combines creativity, technology and a passion for user experience. TechGenius Recruitment is an expert in the gaming industry. Our recruiters understand the unique needs of game development and the skillset required, helping the most talented professionals land their dream positions. Positions we have experience in in the past:<\/p><ul><li>Game Developer<\/li><li>UI\/UX Designer<\/li><li>Unity Game Engine Developer<\/li><\/ul><\/div><\/div><\/div><\/div><\/div><div class=\"elementor-element elementor-element-486d56a e-flex e-con-boxed e-con e-parent e-lazyloaded\" data-id=\"486d56a\" data-element_type=\"container\"><div class=\"e-con-inner\"><div class=\"elementor-element elementor-element-c97df2c elementor-widget elementor-widget-text-editor\" data-id=\"c97df2c\" data-element_type=\"widget\" data-widget_type=\"text-editor.default\">\u00a0<\/div><\/div><\/div>\t\t\t\t\t\t\t\t<\/div>\n\t\t\t\t<div class=\"elementor-element elementor-element-ecfd5d1 elementor-widget elementor-widget-menu-anchor\" data-id=\"ecfd5d1\" data-element_type=\"widget\" data-e-type=\"widget\" data-widget_type=\"menu-anchor.default\">\n\t\t\t\t\t\t\t<div class=\"elementor-menu-anchor\" id=\"it-biztonsag\"><\/div>\n\t\t\t\t\t\t<\/div>\n\t\t\t\t<div class=\"elementor-element elementor-element-3029480 elementor-widget elementor-widget-text-editor\" data-id=\"3029480\" data-element_type=\"widget\" data-e-type=\"widget\" data-widget_type=\"text-editor.default\">\n\t\t\t\t\t\t\t\t\t<div class=\"elementor-element elementor-element-9cb2087 e-flex e-con-boxed e-con e-parent e-lazyloaded\" data-id=\"9cb2087\" data-element_type=\"container\" data-settings=\"{&quot;background_background&quot;:&quot;classic&quot;}\"><div class=\"e-con-inner\"><div class=\"elementor-element elementor-element-eb13fb8 e-con-full e-flex e-con e-child\" data-id=\"eb13fb8\" data-element_type=\"container\"><div class=\"elementor-element elementor-element-4ae219c e-con-full e-flex e-con e-child\" data-id=\"4ae219c\" data-element_type=\"container\"><div class=\"elementor-element elementor-element-d5105bf elementor-widget elementor-widget-text-editor\" data-id=\"d5105bf\" data-element_type=\"widget\" data-widget_type=\"text-editor.default\"><h3>IT Infrastructure<\/h3><p>The trusted IT infrastructure is the cornerstone of the digital world. Our recruitment team can help you find professionals who can build and maintain state-of-the-art network and cloud systems. Whether it's a hybrid environment, DevOps or containerisation, our clients can rely on us to help them quickly and efficiently.<\/p><p>Our regular searches:<\/p><ul><li>Cloud Engineer (AWS, Azure, GCP)<\/li><li>network engineer<\/li><li>system engineer<\/li><li>DevOps Engineer<\/li><\/ul><\/div><\/div><\/div><\/div><\/div><div class=\"elementor-element elementor-element-486d56a e-flex e-con-boxed e-con e-parent e-lazyloaded\" data-id=\"486d56a\" data-element_type=\"container\"><div class=\"e-con-inner\"><div class=\"elementor-element elementor-element-c97df2c elementor-widget elementor-widget-text-editor\" data-id=\"c97df2c\" data-element_type=\"widget\" data-widget_type=\"text-editor.default\">\u00a0<\/div><\/div><\/div>\t\t\t\t\t\t\t\t<\/div>\n\t\t\t\t<div class=\"elementor-element elementor-element-9260b14 elementor-widget elementor-widget-menu-anchor\" data-id=\"9260b14\" data-element_type=\"widget\" data-e-type=\"widget\" data-widget_type=\"menu-anchor.default\">\n\t\t\t\t\t\t\t<div class=\"elementor-menu-anchor\" id=\"adatmenedzsment\"><\/div>\n\t\t\t\t\t\t<\/div>\n\t\t\t\t<div class=\"elementor-element elementor-element-c78cdf5 elementor-widget elementor-widget-text-editor\" data-id=\"c78cdf5\" data-element_type=\"widget\" data-e-type=\"widget\" data-widget_type=\"text-editor.default\">\n\t\t\t\t\t\t\t\t\t<div class=\"elementor-element elementor-element-9cb2087 e-flex e-con-boxed e-con e-parent e-lazyloaded\" data-id=\"9cb2087\" data-element_type=\"container\" data-settings=\"{&quot;background_background&quot;:&quot;classic&quot;}\"><div class=\"e-con-inner\"><div class=\"elementor-element elementor-element-eb13fb8 e-con-full e-flex e-con e-child\" data-id=\"eb13fb8\" data-element_type=\"container\"><div class=\"elementor-element elementor-element-4ae219c e-con-full e-flex e-con e-child\" data-id=\"4ae219c\" data-element_type=\"container\"><div class=\"elementor-element elementor-element-d5105bf elementor-widget elementor-widget-text-editor\" data-id=\"d5105bf\" data-element_type=\"widget\" data-widget_type=\"text-editor.default\"><h3>IT Security<\/h3><p>TechGenius Recruitment is committed to finding cyber security experts who can protect systems, data and users. Our consultants understand the world of compliance, risk management and ethical hacking. We know the right direction to take when you need a dedicated, trusted professional in IT Security.<\/p><\/div><\/div><\/div><\/div><\/div><div class=\"elementor-element elementor-element-486d56a e-flex e-con-boxed e-con e-parent e-lazyloaded\" data-id=\"486d56a\" data-element_type=\"container\"><div class=\"e-con-inner\"><div class=\"elementor-element elementor-element-c97df2c elementor-widget elementor-widget-text-editor\" data-id=\"c97df2c\" data-element_type=\"widget\" data-widget_type=\"text-editor.default\">\u00a0<\/div><\/div><\/div>\t\t\t\t\t\t\t\t<\/div>\n\t\t\t\t<div class=\"elementor-element elementor-element-f672e83 elementor-widget elementor-widget-menu-anchor\" data-id=\"f672e83\" data-element_type=\"widget\" data-e-type=\"widget\" data-widget_type=\"menu-anchor.default\">\n\t\t\t\t\t\t\t<div class=\"elementor-menu-anchor\" id=\"tanacsadoi\"><\/div>\n\t\t\t\t\t\t<\/div>\n\t\t\t\t<div class=\"elementor-element elementor-element-9834d31 elementor-widget elementor-widget-text-editor\" data-id=\"9834d31\" data-element_type=\"widget\" data-e-type=\"widget\" data-widget_type=\"text-editor.default\">\n\t\t\t\t\t\t\t\t\t<div class=\"elementor-element elementor-element-9cb2087 e-flex e-con-boxed e-con e-parent e-lazyloaded\" data-id=\"9cb2087\" data-element_type=\"container\" data-settings=\"{&quot;background_background&quot;:&quot;classic&quot;}\"><div class=\"e-con-inner\"><div class=\"elementor-element elementor-element-eb13fb8 e-con-full e-flex e-con e-child\" data-id=\"eb13fb8\" data-element_type=\"container\"><div class=\"elementor-element elementor-element-4ae219c e-con-full e-flex e-con e-child\" data-id=\"4ae219c\" data-element_type=\"container\"><div class=\"elementor-element elementor-element-d5105bf elementor-widget elementor-widget-text-editor\" data-id=\"d5105bf\" data-element_type=\"widget\" data-widget_type=\"text-editor.default\"><h3>Data management<\/h3><p>Data is clearly one of the most valuable resources of the 21st century. TechGenius Recruitment helps you find data experts who can ensure that your data is managed efficiently and securely. We are no strangers to databases, ETL processes and various tools and technologies.<\/p><p>Our positions from the past:<\/p><ul><li>data engineer<\/li><li>data scientist<\/li><li>Analytics Engineer<\/li><li>Database Administrator<\/li><li>ETL Developer<\/li><\/ul><\/div><div class=\"elementor-element elementor-element-62f7c4d e-con-full e-flex e-con e-child\" data-id=\"62f7c4d\" data-element_type=\"container\"><div class=\"elementor-element elementor-element-6193ca9 elementor-widget elementor-widget-text-editor\" data-id=\"6193ca9\" data-element_type=\"widget\" data-widget_type=\"text-editor.default\">\u00a0<\/div><\/div><\/div><\/div><\/div><\/div><div class=\"elementor-element elementor-element-486d56a e-flex e-con-boxed e-con e-parent e-lazyloaded\" data-id=\"486d56a\" data-element_type=\"container\"><div class=\"e-con-inner\"><div class=\"elementor-element elementor-element-c97df2c elementor-widget elementor-widget-text-editor\" data-id=\"c97df2c\" data-element_type=\"widget\" data-widget_type=\"text-editor.default\">\u00a0<\/div><\/div><\/div>\t\t\t\t\t\t\t\t<\/div>\n\t\t\t\t<div class=\"elementor-element elementor-element-5551ead elementor-widget elementor-widget-text-editor\" data-id=\"5551ead\" data-element_type=\"widget\" data-e-type=\"widget\" data-widget_type=\"text-editor.default\">\n\t\t\t\t\t\t\t\t\t<div class=\"elementor-element elementor-element-d5105bf elementor-widget elementor-widget-text-editor\" data-id=\"d5105bf\" data-element_type=\"widget\" data-widget_type=\"text-editor.default\"><h3>Consultant positions<\/h3><p>In the world of IT, technological knowledge and business thinking go hand in hand. For consultancy positions, we use a variety of interview techniques to test candidates' communication skills, stakeholder management and soft skills.<\/p><p>Typical searches:<\/p><ul><li>IT Project Manager<\/li><li>IT Business Analyst<\/li><li>Digital Transformation Consultant<br \/><br \/><br \/><br \/><\/li><\/ul><\/div><div class=\"elementor-element elementor-element-62f7c4d e-con-full e-flex e-con e-child\" data-id=\"62f7c4d\" data-element_type=\"container\"><div class=\"elementor-element elementor-element-6193ca9 elementor-widget elementor-widget-text-editor\" data-id=\"6193ca9\" data-element_type=\"widget\" data-widget_type=\"text-editor.default\">\u00a0<\/div><\/div>\t\t\t\t\t\t\t\t<\/div>\n\t\t\t\t\t<\/div>\n\t\t\t\t<\/div>\n\t\t\t\t<\/div>","protected":false},"excerpt":{"rendered":"<p>AI &amp; Machine Learning Az AI \u00e9s Machine Learning napjainkban alapjaiban form\u00e1lja \u00e1t az \u00fczleti vil\u00e1got. A TechGenius Recruitment c\u00e9lja, hogy \u00f6sszekapcsolja a legtehets\u00e9gesebb AI- \u00e9s ML-szakembereket azokkal a v\u00e1llalatokkal, amelyek a technol\u00f3giai innov\u00e1ci\u00f3 \u00e9lvonal\u00e1ban szeretn\u00e9nek maradni. Tiszt\u00e1ban vagyunk vele, hogy ezek a poz\u00edci\u00f3k k\u00fcl\u00f6nleges szak\u00e9rtelmet \u00e9s m\u00e9ly technikai tud\u00e1st ig\u00e9nyelnek \u2013 ennek ok\u00e1n kiemelt [&hellip;]<\/p>\n","protected":false},"author":1,"featured_media":0,"parent":0,"menu_order":0,"comment_status":"closed","ping_status":"closed","template":"","meta":{"rs_blank_template":"","rs_page_bg_color":"","slide_template_v7":"","footnotes":""},"class_list":["post-8980","page","type-page","status-publish","hentry"],"_links":{"self":[{"href":"https:\/\/techgenius.hu\/en\/wp-json\/wp\/v2\/pages\/8980","targetHints":{"allow":["GET"]}}],"collection":[{"href":"https:\/\/techgenius.hu\/en\/wp-json\/wp\/v2\/pages"}],"about":[{"href":"https:\/\/techgenius.hu\/en\/wp-json\/wp\/v2\/types\/page"}],"author":[{"embeddable":true,"href":"https:\/\/techgenius.hu\/en\/wp-json\/wp\/v2\/users\/1"}],"replies":[{"embeddable":true,"href":"https:\/\/techgenius.hu\/en\/wp-json\/wp\/v2\/comments?post=8980"}],"version-history":[{"count":28,"href":"https:\/\/techgenius.hu\/en\/wp-json\/wp\/v2\/pages\/8980\/revisions"}],"predecessor-version":[{"id":9415,"href":"https:\/\/techgenius.hu\/en\/wp-json\/wp\/v2\/pages\/8980\/revisions\/9415"}],"wp:attachment":[{"href":"https:\/\/techgenius.hu\/en\/wp-json\/wp\/v2\/media?parent=8980"}],"curies":[{"name":"wp","href":"https:\/\/api.w.org\/{rel}","templated":true}]}}