{"id":8627,"date":"2021-03-10T09:29:15","date_gmt":"2021-03-10T09:29:15","guid":{"rendered":"https:\/\/apusthemes.com\/wp-demo\/superio\/?page_id=40"},"modified":"2025-12-13T22:26:07","modified_gmt":"2025-12-13T22:26:07","slug":"our-story","status":"publish","type":"page","link":"https:\/\/techgenius.hu\/en\/tortenetunk\/","title":{"rendered":"Our story"},"content":{"rendered":"<div data-elementor-type=\"wp-page\" data-elementor-id=\"8627\" class=\"elementor elementor-8627\" data-elementor-post-type=\"page\">\n\t\t\t\t\t\t<section class=\"elementor-section elementor-top-section elementor-element elementor-element-9488ef4 elementor-section-stretched elementor-section-boxed elementor-section-height-default elementor-section-height-default\" data-id=\"9488ef4\" data-element_type=\"section\" data-e-type=\"section\" data-settings=\"{&quot;stretch_section&quot;:&quot;section-stretched&quot;}\">\n\t\t\t\t\t\t<div class=\"elementor-container elementor-column-gap-narrow\">\n\t\t\t\t\t<div class=\"elementor-column elementor-col-25 elementor-top-column elementor-element elementor-element-bb09123\" data-id=\"bb09123\" data-element_type=\"column\" data-e-type=\"column\">\n\t\t\t<div class=\"elementor-widget-wrap\">\n\t\t\t\t\t\t\t<\/div>\n\t\t<\/div>\n\t\t\t\t<div class=\"elementor-column elementor-col-25 elementor-top-column elementor-element elementor-element-00c8e70\" data-id=\"00c8e70\" data-element_type=\"column\" data-e-type=\"column\">\n\t\t\t<div class=\"elementor-widget-wrap elementor-element-populated\">\n\t\t\t\t\t\t<div class=\"elementor-element elementor-element-d7f888e elementor-widget elementor-widget-image\" data-id=\"d7f888e\" data-element_type=\"widget\" data-e-type=\"widget\" data-widget_type=\"image.default\">\n\t\t\t\t\t\t\t\t\t\t\t\t\t\t\t\t<a href=\"https:\/\/techgenius.hu\/wp-content\/uploads\/2025\/08\/fotozas_2023_kozeli.jpg\" data-elementor-open-lightbox=\"yes\" data-elementor-lightbox-title=\"foto\u0301za\u0301s_2023_ko\u0308zeli\" data-e-action-hash=\"#elementor-action%3Aaction%3Dlightbox%26settings%3DeyJpZCI6ODg2NywidXJsIjoiaHR0cHM6XC9cL3RlY2hnZW5pdXMuaHVcL3dwLWNvbnRlbnRcL3VwbG9hZHNcLzIwMjVcLzA4XC9mb3RvemFzXzIwMjNfa296ZWxpLmpwZyJ9\">\n\t\t\t\t\t\t\t<img decoding=\"async\" src=\"https:\/\/techgenius.hu\/wp-content\/uploads\/elementor\/thumbs\/fotozas_2023_kozeli-ravtl4io096d61ltln0kaipevijm1tuiyrlk0mm7uo.jpg\" title=\"photography_2023_near\" alt=\"photography_2023_near\" loading=\"lazy\" \/>\t\t\t\t\t\t\t\t<\/a>\n\t\t\t\t\t\t\t\t\t\t\t\t\t\t\t<\/div>\n\t\t\t\t\t<\/div>\n\t\t<\/div>\n\t\t\t\t<div class=\"elementor-column elementor-col-25 elementor-top-column elementor-element elementor-element-9af2fcf\" data-id=\"9af2fcf\" data-element_type=\"column\" data-e-type=\"column\">\n\t\t\t<div class=\"elementor-widget-wrap elementor-element-populated\">\n\t\t\t\t\t\t<div class=\"elementor-element elementor-element-09df5c9 elementor-widget elementor-widget-image\" data-id=\"09df5c9\" data-element_type=\"widget\" data-e-type=\"widget\" data-widget_type=\"image.default\">\n\t\t\t\t\t\t\t\t\t\t\t\t\t\t\t\t<a href=\"https:\/\/techgenius.hu\/wp-content\/uploads\/2025\/08\/1748958202023.jpg\" data-elementor-open-lightbox=\"yes\" data-elementor-lightbox-title=\"1748958202023\" data-e-action-hash=\"#elementor-action%3Aaction%3Dlightbox%26settings%3DeyJpZCI6ODg2OCwidXJsIjoiaHR0cHM6XC9cL3RlY2hnZW5pdXMuaHVcL3dwLWNvbnRlbnRcL3VwbG9hZHNcLzIwMjVcLzA4XC8xNzQ4OTU4MjAyMDIzLmpwZyJ9\">\n\t\t\t\t\t\t\t<img fetchpriority=\"high\" decoding=\"async\" width=\"800\" height=\"800\" src=\"https:\/\/techgenius.hu\/wp-content\/uploads\/2025\/08\/1748958202023.jpg\" class=\"attachment-full size-full wp-image-8868\" alt=\"\" srcset=\"https:\/\/techgenius.hu\/wp-content\/uploads\/2025\/08\/1748958202023.jpg 800w, https:\/\/techgenius.hu\/wp-content\/uploads\/2025\/08\/1748958202023-300x300.jpg 300w, https:\/\/techgenius.hu\/wp-content\/uploads\/2025\/08\/1748958202023-410x410.jpg 410w, https:\/\/techgenius.hu\/wp-content\/uploads\/2025\/08\/1748958202023-600x600.jpg 600w, https:\/\/techgenius.hu\/wp-content\/uploads\/2025\/08\/1748958202023-150x150.jpg 150w, https:\/\/techgenius.hu\/wp-content\/uploads\/2025\/08\/1748958202023-768x768.jpg 768w, https:\/\/techgenius.hu\/wp-content\/uploads\/2025\/08\/1748958202023-12x12.jpg 12w\" sizes=\"(max-width: 800px) 100vw, 800px\" \/>\t\t\t\t\t\t\t\t<\/a>\n\t\t\t\t\t\t\t\t\t\t\t\t\t\t\t<\/div>\n\t\t\t\t\t<\/div>\n\t\t<\/div>\n\t\t\t\t<div class=\"elementor-column elementor-col-25 elementor-top-column elementor-element elementor-element-4458324\" data-id=\"4458324\" data-element_type=\"column\" data-e-type=\"column\">\n\t\t\t<div class=\"elementor-widget-wrap\">\n\t\t\t\t\t\t\t<\/div>\n\t\t<\/div>\n\t\t\t\t\t<\/div>\n\t\t<\/section>\n\t\t\t\t<section class=\"elementor-section elementor-top-section elementor-element elementor-element-b349c76 elementor-section-stretched elementor-section-boxed elementor-section-height-default elementor-section-height-default\" data-id=\"b349c76\" data-element_type=\"section\" data-e-type=\"section\" data-settings=\"{&quot;stretch_section&quot;:&quot;section-stretched&quot;}\">\n\t\t\t\t\t\t<div class=\"elementor-container elementor-column-gap-extended\">\n\t\t\t\t\t<div class=\"elementor-column elementor-col-100 elementor-top-column elementor-element elementor-element-1d99470\" data-id=\"1d99470\" data-element_type=\"column\" data-e-type=\"column\">\n\t\t\t<div class=\"elementor-widget-wrap elementor-element-populated\">\n\t\t\t\t\t\t<div class=\"elementor-element elementor-element-455cbd6 elementor-widget elementor-widget-text-editor\" data-id=\"455cbd6\" data-element_type=\"widget\" data-e-type=\"widget\" data-widget_type=\"text-editor.default\">\n\t\t\t\t\t\t\t\t\t<p>TechGenius Recruitment was born from a simple but powerful vision:<br \/><strong>connect talented IT professionals with companies that want to create real innovation. <\/strong><\/p><p>The story of TechGenius Recruitment began with two dedicated IT consultants. The founders worked together for years, helping various companies find tech professionals. Day after day, they saw that traditional recruitment methods were no longer providing adequate solutions for the rapidly changing IT labor market. Talented individuals were often lost in the noise or passed up opportunities that would have been a perfect fit for them. They increasingly felt that recruitment could be done differently\u2014more efficiently and with higher quality. One day, they decided to leverage their experience and shared vision within the framework of their own business.<\/p><p>This is where we started.<br \/><strong>Our goal was to create a recruitment agency that not only acts as an intermediary, but also works as a true partner\u2014understanding both the specialized language of the IT world and the deeper, human side of recruitment. We don't just send resumes, we offer real solutions while actively supporting our candidates in building their careers.<\/strong><\/p>\t\t\t\t\t\t\t\t<\/div>\n\t\t\t\t\t<\/div>\n\t\t<\/div>\n\t\t\t\t\t<\/div>\n\t\t<\/section>\n\t\t<div class=\"elementor-element elementor-element-252f984 e-flex e-con-boxed e-con e-parent\" data-id=\"252f984\" data-element_type=\"container\" data-e-type=\"container\">\n\t\t\t\t\t<div class=\"e-con-inner\">\n\t\t\t\t<div class=\"elementor-element elementor-element-d231d32 elementor-widget elementor-widget-menu-anchor\" data-id=\"d231d32\" data-element_type=\"widget\" data-e-type=\"widget\" data-widget_type=\"menu-anchor.default\">\n\t\t\t\t\t\t\t<div class=\"elementor-menu-anchor\" id=\"ertekeink\"><\/div>\n\t\t\t\t\t\t<\/div>\n\t\t\t\t<div class=\"elementor-element elementor-element-d1e1095 elementor-widget elementor-widget-spacer\" data-id=\"d1e1095\" data-element_type=\"widget\" data-e-type=\"widget\" data-widget_type=\"spacer.default\">\n\t\t\t\t\t\t\t<div class=\"elementor-spacer\">\n\t\t\t<div class=\"elementor-spacer-inner\"><\/div>\n\t\t<\/div>\n\t\t\t\t\t\t<\/div>\n\t\t\t\t<div class=\"elementor-element elementor-element-0832925 elementor-widget elementor-widget-heading\" data-id=\"0832925\" data-element_type=\"widget\" data-e-type=\"widget\" data-widget_type=\"heading.default\">\n\t\t\t\t\t<h2 class=\"elementor-heading-title elementor-size-default\">Our values<\/h2>\t\t\t\t<\/div>\n\t\t<div class=\"elementor-element elementor-element-f85f462 e-con-full e-flex e-con e-child\" data-id=\"f85f462\" data-element_type=\"container\" data-e-type=\"container\">\n\t\t\t\t<div class=\"elementor-element elementor-element-952d662 elementor-widget elementor-widget-image\" data-id=\"952d662\" data-element_type=\"widget\" data-e-type=\"widget\" data-widget_type=\"image.default\">\n\t\t\t\t\t\t\t\t\t\t\t\t\t\t\t<img decoding=\"async\" width=\"660\" height=\"372\" src=\"https:\/\/techgenius.hu\/wp-content\/uploads\/2025\/09\/binary-code-7190628_1920-1024x577.jpg\" class=\"attachment-large size-large wp-image-9259\" alt=\"\" srcset=\"https:\/\/techgenius.hu\/wp-content\/uploads\/2025\/09\/binary-code-7190628_1920-1024x577.jpg 1024w, https:\/\/techgenius.hu\/wp-content\/uploads\/2025\/09\/binary-code-7190628_1920-600x338.jpg 600w, https:\/\/techgenius.hu\/wp-content\/uploads\/2025\/09\/binary-code-7190628_1920-300x169.jpg 300w, https:\/\/techgenius.hu\/wp-content\/uploads\/2025\/09\/binary-code-7190628_1920-768x432.jpg 768w, https:\/\/techgenius.hu\/wp-content\/uploads\/2025\/09\/binary-code-7190628_1920-18x10.jpg 18w, https:\/\/techgenius.hu\/wp-content\/uploads\/2025\/09\/binary-code-7190628_1920-1536x865.jpg 1536w, https:\/\/techgenius.hu\/wp-content\/uploads\/2025\/09\/binary-code-7190628_1920.jpg 1920w\" sizes=\"(max-width: 660px) 100vw, 660px\" \/>\t\t\t\t\t\t\t\t\t\t\t\t\t\t\t<\/div>\n\t\t\t\t<div class=\"elementor-element elementor-element-9e0bc55 elementor-widget elementor-widget-text-editor\" data-id=\"9e0bc55\" data-element_type=\"widget\" data-e-type=\"widget\" data-widget_type=\"text-editor.default\">\n\t\t\t\t\t\t\t\t\t<h5><strong>Our Mission<\/strong><\/h5><p>At TechGenius Recruitment, we believe that behind every successfully delivered project there is a dynamic IT team working in harmony.<\/p><p>Our mission is to help these teams develop and scale\u2014quickly, authentically, and with the utmost professional precision.<\/p><p><strong>We build careers, enable business milestones, and create long-term human relationships in the process.<\/strong><\/p><h5><strong>What makes TechGenius special?<\/strong><\/h5><p><strong>Because we understand technology.<\/strong><br \/>We are not general recruiters, but IT specialists who understand the difference between Python and Node, know what a cloud environment means, and understand what motivates an AI engineer or a DevOps specialist.<\/p><p><strong>Because we are people-oriented.<\/strong><br \/>Good recruitment is based on transparency, attention, and personalized support\u2014our candidates confirm this.<\/p><h5><strong>Our vision for the future<\/strong><\/h5><p>TechGenius Recruitment aims to be an agency that raises the quality of IT recruitment to a new level in Hungary and internationally.<br \/>We are constantly improving our processes, tools, and know-how so that we can support our clients and candidates even more effectively in an ever-changing technological world.<\/p><p>We believe that innovation always starts with people \u2014<br \/><strong>We help put the right people in the right places.<\/strong><\/p>\t\t\t\t\t\t\t\t<\/div>\n\t\t<div class=\"elementor-element elementor-element-aca20e6 e-con-full e-flex e-con e-child\" data-id=\"aca20e6\" data-element_type=\"container\" data-e-type=\"container\">\n\t\t\t\t<div class=\"elementor-element elementor-element-3e46126 elementor-view-default elementor-position-block-start elementor-mobile-position-block-start elementor-widget elementor-widget-icon-box\" data-id=\"3e46126\" data-element_type=\"widget\" data-e-type=\"widget\" data-widget_type=\"icon-box.default\">\n\t\t\t\t\t\t\t<div class=\"elementor-icon-box-wrapper\">\n\n\t\t\t\t\t\t<div class=\"elementor-icon-box-icon\">\n\t\t\t\t<span  class=\"elementor-icon\">\n\t\t\t\t<svg aria-hidden=\"true\" class=\"e-font-icon-svg e-fas-chart-area\" viewbox=\"0 0 512 512\" xmlns=\"http:\/\/www.w3.org\/2000\/svg\"><path d=\"M500 384c6.6 0 12 5.4 12 12v40c0 6.6-5.4 12-12 12H12c-6.6 0-12-5.4-12-12V76c0-6.6 5.4-12 12-12h40c6.6 0 12 5.4 12 12v308h436zM372.7 159.5L288 216l-85.3-113.7c-5.1-6.8-15.5-6.3-19.9 1L96 248v104h384l-89.9-187.8c-3.2-6.5-11.4-8.7-17.4-4.7z\"><\/path><\/svg>\t\t\t\t<\/span>\n\t\t\t<\/div>\n\t\t\t\n\t\t\t\t\t\t<div class=\"elementor-icon-box-content\">\n\n\t\t\t\t\t\t\t\t\t<h3 class=\"elementor-icon-box-title\">\n\t\t\t\t\t\t<span  >\n\t\t\t\t\t\t\tData-driven recruitment\t\t\t\t\t\t<\/span>\n\t\t\t\t\t<\/h3>\n\t\t\t\t\n\t\t\t\t\t\t\t\t\t<p class=\"elementor-icon-box-description\">\n\t\t\t\t\t\tOur recruitment strategy is based on data, not hunches. We support every step of our selection process with analytics (monitoring the effectiveness of advertising platforms, recruitment channels), market benchmarks (benchmarking salary levels, availability of technology stacks in the market, fast tracking of trends) and performance indicators (time to hire, long-term candidate retention rates). This data-driven approach not only ensures efficiency but also transparency for our clients.\t\t\t\t\t<\/p>\n\t\t\t\t\n\t\t\t<\/div>\n\t\t\t\n\t\t<\/div>\n\t\t\t\t\t\t<\/div>\n\t\t<div class=\"elementor-element elementor-element-df0fd3a e-con-full e-flex e-con e-child\" data-id=\"df0fd3a\" data-element_type=\"container\" data-e-type=\"container\">\n\t\t\t\t<\/div>\n\t\t<div class=\"elementor-element elementor-element-eb153f4 e-con-full e-flex e-con e-child\" data-id=\"eb153f4\" data-element_type=\"container\" data-e-type=\"container\">\n\t\t\t\t<\/div>\n\t\t\t\t<div class=\"elementor-element elementor-element-e43b4b3 elementor-view-default elementor-position-block-start elementor-mobile-position-block-start elementor-widget elementor-widget-icon-box\" data-id=\"e43b4b3\" data-element_type=\"widget\" data-e-type=\"widget\" data-widget_type=\"icon-box.default\">\n\t\t\t\t\t\t\t<div class=\"elementor-icon-box-wrapper\">\n\n\t\t\t\t\t\t<div class=\"elementor-icon-box-icon\">\n\t\t\t\t<span  class=\"elementor-icon\">\n\t\t\t\t<svg aria-hidden=\"true\" class=\"e-font-icon-svg e-fas-shield-alt\" viewbox=\"0 0 512 512\" xmlns=\"http:\/\/www.w3.org\/2000\/svg\"><path d=\"M466.5 83.7l-192-80a48.15 48.15 0 0 0-36.9 0l-192 80C27.7 91.1 16 108.6 16 128c0 198.5 114.5 335.7 221.5 380.3 11.8 4.9 25.1 4.9 36.9 0C360.1 472.6 496 349.3 496 128c0-19.4-11.7-36.9-29.5-44.3zM256.1 446.3l-.1-381 175.9 73.3c-3.3 151.4-82.1 261.1-175.8 307.7z\"><\/path><\/svg>\t\t\t\t<\/span>\n\t\t\t<\/div>\n\t\t\t\n\t\t\t\t\t\t<div class=\"elementor-icon-box-content\">\n\n\t\t\t\t\t\t\t\t\t<h3 class=\"elementor-icon-box-title\">\n\t\t\t\t\t\t<span  >\n\t\t\t\t\t\t\tReliability &amp; Speed\t\t\t\t\t\t<\/span>\n\t\t\t\t\t<\/h3>\n\t\t\t\t\n\t\t\t\t\t\t\t\t\t<p class=\"elementor-icon-box-description\">\n\t\t\t\t\t\tOur experienced team uses partially automated, AI-enabled processes to shorten recruitment time without compromising on quality. For us, it's not a goal to send large volumes of irrelevant CVs, as this is a drain on both our client and our resources - so we spend most of our time on understanding the needs accurately.\t\t\t\t\t<\/p>\n\t\t\t\t\n\t\t\t<\/div>\n\t\t\t\n\t\t<\/div>\n\t\t\t\t\t\t<\/div>\n\t\t<div class=\"elementor-element elementor-element-9b3ad46 e-con-full e-flex e-con e-child\" data-id=\"9b3ad46\" data-element_type=\"container\" data-e-type=\"container\">\n\t\t\t\t<\/div>\n\t\t<div class=\"elementor-element elementor-element-4d36627 e-con-full e-flex e-con e-child\" data-id=\"4d36627\" data-element_type=\"container\" data-e-type=\"container\">\n\t\t\t\t<\/div>\n\t\t\t\t<div class=\"elementor-element elementor-element-fee7b1b elementor-view-default elementor-position-block-start elementor-mobile-position-block-start elementor-widget elementor-widget-icon-box\" data-id=\"fee7b1b\" data-element_type=\"widget\" data-e-type=\"widget\" data-widget_type=\"icon-box.default\">\n\t\t\t\t\t\t\t<div class=\"elementor-icon-box-wrapper\">\n\n\t\t\t\t\t\t<div class=\"elementor-icon-box-icon\">\n\t\t\t\t<span  class=\"elementor-icon\">\n\t\t\t\t<svg aria-hidden=\"true\" class=\"e-font-icon-svg e-fas-handshake\" viewbox=\"0 0 640 512\" xmlns=\"http:\/\/www.w3.org\/2000\/svg\"><path d=\"M434.7 64h-85.9c-8 0-15.7 3-21.6 8.4l-98.3 90c-.1.1-.2.3-.3.4-16.6 15.6-16.3 40.5-2.1 56 12.7 13.9 39.4 17.6 56.1 2.7.1-.1.3-.1.4-.2l79.9-73.2c6.5-5.9 16.7-5.5 22.6 1 6 6.5 5.5 16.6-1 22.6l-26.1 23.9L504 313.8c2.9 2.4 5.5 5 7.9 7.7V128l-54.6-54.6c-5.9-6-14.1-9.4-22.6-9.4zM544 128.2v223.9c0 17.7 14.3 32 32 32h64V128.2h-96zm48 223.9c-8.8 0-16-7.2-16-16s7.2-16 16-16 16 7.2 16 16-7.2 16-16 16zM0 384h64c17.7 0 32-14.3 32-32V128.2H0V384zm48-63.9c8.8 0 16 7.2 16 16s-7.2 16-16 16-16-7.2-16-16c0-8.9 7.2-16 16-16zm435.9 18.6L334.6 217.5l-30 27.5c-29.7 27.1-75.2 24.5-101.7-4.4-26.9-29.4-24.8-74.9 4.4-101.7L289.1 64h-83.8c-8.5 0-16.6 3.4-22.6 9.4L128 128v223.9h18.3l90.5 81.9c27.4 22.3 67.7 18.1 90-9.3l.2-.2 17.9 15.5c15.9 13 39.4 10.5 52.3-5.4l31.4-38.6 5.4 4.4c13.7 11.1 33.9 9.1 45-4.7l9.5-11.7c11.2-13.8 9.1-33.9-4.6-45.1z\"><\/path><\/svg>\t\t\t\t<\/span>\n\t\t\t<\/div>\n\t\t\t\n\t\t\t\t\t\t<div class=\"elementor-icon-box-content\">\n\n\t\t\t\t\t\t\t\t\t<h3 class=\"elementor-icon-box-title\">\n\t\t\t\t\t\t<span  >\n\t\t\t\t\t\t\tLong-term partnership\t\t\t\t\t\t<\/span>\n\t\t\t\t\t<\/h3>\n\t\t\t\t\n\t\t\t\t\t\t\t\t\t<p class=\"elementor-icon-box-description\">\n\t\t\t\t\t\tWe don't think in terms of short-term success, but also build trust-based relationships with our clients and candidates that last for years. Our Western-style payment structure for our clients is also designed in the spirit of long-term partnership, while always offering our partners flexible and tailor-made solutions.\t\t\t\t\t<\/p>\n\t\t\t\t\n\t\t\t<\/div>\n\t\t\t\n\t\t<\/div>\n\t\t\t\t\t\t<\/div>\n\t\t<div class=\"elementor-element elementor-element-78a5cc9 e-con-full e-flex e-con e-child\" data-id=\"78a5cc9\" data-element_type=\"container\" data-e-type=\"container\">\n\t\t\t\t<\/div>\n\t\t<div class=\"elementor-element elementor-element-d900892 e-con-full e-flex e-con e-child\" data-id=\"d900892\" data-element_type=\"container\" data-e-type=\"container\">\n\t\t\t\t<\/div>\n\t\t<div class=\"elementor-element elementor-element-b258eed e-con-full e-flex e-con e-child\" data-id=\"b258eed\" data-element_type=\"container\" data-e-type=\"container\">\n\t\t\t\t<\/div>\n\t\t\t\t<\/div>\n\t\t<div class=\"elementor-element elementor-element-64bb653 e-con-full e-flex e-con e-child\" data-id=\"64bb653\" data-element_type=\"container\" data-e-type=\"container\">\n\t\t\t\t<\/div>\n\t\t\t\t<\/div>\n\t\t\t\t\t<\/div>\n\t\t\t\t<\/div>\n\t\t\t\t<\/div>","protected":false},"excerpt":{"rendered":"<p>A TechGenius Recruitment egyszer\u0171, de ann\u00e1l er\u0151sebb v\u00edzi\u00f3b\u00f3l sz\u00fcletett:\u00f6sszek\u00f6tni a tehets\u00e9ges IT-szakembereket azokkal a c\u00e9gekkel, amelyek val\u00f3di innov\u00e1ci\u00f3t szeretn\u00e9nek l\u00e9trehozni. A TechGenius Recruitment t\u00f6rt\u00e9nete k\u00e9t elhivatott IT-tan\u00e1csad\u00f3val kezd\u0151d\u00f6tt. Az alap\u00edt\u00f3k \u00e9veken \u00e1t dolgoztak egy\u00fctt, k\u00fcl\u00f6nb\u00f6z\u0151 v\u00e1llalatokat seg\u00edtve a tech szakemberek megtal\u00e1l\u00e1s\u00e1ban. Nap mint nap azt l\u00e1tt\u00e1k, hogy a gyorsan v\u00e1ltoz\u00f3 IT-munkaer\u0151piacra a hagyom\u00e1nyos toborz\u00e1si m\u00f3dszerek [&hellip;]<\/p>\n","protected":false},"author":1,"featured_media":0,"parent":0,"menu_order":0,"comment_status":"closed","ping_status":"closed","template":"","meta":{"rs_blank_template":"","rs_page_bg_color":"","slide_template_v7":"","footnotes":""},"class_list":["post-8627","page","type-page","status-publish","hentry"],"_links":{"self":[{"href":"https:\/\/techgenius.hu\/en\/wp-json\/wp\/v2\/pages\/8627","targetHints":{"allow":["GET"]}}],"collection":[{"href":"https:\/\/techgenius.hu\/en\/wp-json\/wp\/v2\/pages"}],"about":[{"href":"https:\/\/techgenius.hu\/en\/wp-json\/wp\/v2\/types\/page"}],"author":[{"embeddable":true,"href":"https:\/\/techgenius.hu\/en\/wp-json\/wp\/v2\/users\/1"}],"replies":[{"embeddable":true,"href":"https:\/\/techgenius.hu\/en\/wp-json\/wp\/v2\/comments?post=8627"}],"version-history":[{"count":62,"href":"https:\/\/techgenius.hu\/en\/wp-json\/wp\/v2\/pages\/8627\/revisions"}],"predecessor-version":[{"id":9493,"href":"https:\/\/techgenius.hu\/en\/wp-json\/wp\/v2\/pages\/8627\/revisions\/9493"}],"wp:attachment":[{"href":"https:\/\/techgenius.hu\/en\/wp-json\/wp\/v2\/media?parent=8627"}],"curies":[{"name":"wp","href":"https:\/\/api.w.org\/{rel}","templated":true}]}}