{"id":9071,"date":"2025-09-01T15:39:57","date_gmt":"2025-09-01T15:39:57","guid":{"rendered":"https:\/\/techgenius.hu\/?page_id=9071"},"modified":"2025-12-13T22:13:50","modified_gmt":"2025-12-13T22:13:50","slug":"pool-mietgebuhren","status":"publish","type":"page","link":"https:\/\/techgenius.hu\/de\/allaslehetosegek\/","title":{"rendered":"Stellenangebote"},"content":{"rendered":"<div data-elementor-type=\"wp-page\" data-elementor-id=\"9071\" class=\"elementor elementor-9071\" data-elementor-post-type=\"page\">\n\t\t\t\t<div class=\"elementor-element elementor-element-daf4afe e-con-full e-flex e-con e-parent\" data-id=\"daf4afe\" data-element_type=\"container\" data-e-type=\"container\">\n\t\t\t\t<div class=\"elementor-element elementor-element-4a530f5 elementor-widget elementor-widget-image\" data-id=\"4a530f5\" data-element_type=\"widget\" data-e-type=\"widget\" data-widget_type=\"image.default\">\n\t\t\t\t\t\t\t\t\t\t\t\t\t\t\t<img fetchpriority=\"high\" decoding=\"async\" width=\"660\" height=\"371\" src=\"https:\/\/techgenius.hu\/wp-content\/uploads\/2025\/09\/hiring-2575043_1920-1024x576.png\" class=\"attachment-large size-large wp-image-9249\" alt=\"\" srcset=\"https:\/\/techgenius.hu\/wp-content\/uploads\/2025\/09\/hiring-2575043_1920-1024x576.png 1024w, https:\/\/techgenius.hu\/wp-content\/uploads\/2025\/09\/hiring-2575043_1920-600x338.png 600w, https:\/\/techgenius.hu\/wp-content\/uploads\/2025\/09\/hiring-2575043_1920-300x169.png 300w, https:\/\/techgenius.hu\/wp-content\/uploads\/2025\/09\/hiring-2575043_1920-768x432.png 768w, https:\/\/techgenius.hu\/wp-content\/uploads\/2025\/09\/hiring-2575043_1920-18x10.png 18w, https:\/\/techgenius.hu\/wp-content\/uploads\/2025\/09\/hiring-2575043_1920-1536x864.png 1536w, https:\/\/techgenius.hu\/wp-content\/uploads\/2025\/09\/hiring-2575043_1920.png 1920w\" sizes=\"(max-width: 660px) 100vw, 660px\" \/>\t\t\t\t\t\t\t\t\t\t\t\t\t\t\t<\/div>\n\t\t\t\t<div class=\"elementor-element elementor-element-310c2df elementor-widget__width-inherit elementor-widget elementor-widget-html\" data-id=\"310c2df\" data-element_type=\"widget\" data-e-type=\"widget\" data-widget_type=\"html.default\">\n\t\t\t\t\t<link rel=\"stylesheet\" href=\"https:\/\/static.zohocdn.com\/recruit\/embed_careers_site\/css\/v1.1\/embed_jobs.css\" type=\"text\/css\">\n\n<div class=\"embed_jobs_head embed_jobs_with_style_3\">\n    <div class=\"embed_jobs_head2\">\n        <div class=\"embed_jobs_head3\">\n            <div id=\"rec_job_listing_div\"><\/div>\n\n            <script type=\"text\/javascript\" src=\"https:\/\/static.zohocdn.com\/recruit\/embed_careers_site\/javascript\/v1.1\/embed_jobs.js\"><\/script>\n            <script type=\"text\/javascript\">\n                rec_embed_js.load({\n                    widget_id: \"rec_job_listing_div\",\n                    page_name: \"Careers\",\n                    source: \"CareerSite\",\n                    site: \"https:\/\/techgenius.zohorecruit.eu\",\n                    brand_color: \"#8F0033\",\n                    empty_job_msg: \"Nincs aktu\u00e1lis nyitott poz\u00edci\u00f3\"\n                });\n            <\/script>\n        <\/div>\n    <\/div>\n<\/div>\n\t\t\t\t<\/div>\n\t\t\t\t<\/div>\n\t\t<div class=\"elementor-element elementor-element-aee71cf e-flex e-con-boxed e-con e-parent\" data-id=\"aee71cf\" data-element_type=\"container\" data-e-type=\"container\">\n\t\t\t\t\t<div class=\"e-con-inner\">\n\t\t\t\t\t<\/div>\n\t\t\t\t<\/div>\n\t\t\t\t<\/div>","protected":false},"excerpt":{"rendered":"","protected":false},"author":1,"featured_media":0,"parent":0,"menu_order":0,"comment_status":"closed","ping_status":"closed","template":"","meta":{"rs_blank_template":"","rs_page_bg_color":"","slide_template_v7":"","footnotes":""},"class_list":["post-9071","page","type-page","status-publish","hentry"],"_links":{"self":[{"href":"https:\/\/techgenius.hu\/de\/wp-json\/wp\/v2\/pages\/9071","targetHints":{"allow":["GET"]}}],"collection":[{"href":"https:\/\/techgenius.hu\/de\/wp-json\/wp\/v2\/pages"}],"about":[{"href":"https:\/\/techgenius.hu\/de\/wp-json\/wp\/v2\/types\/page"}],"author":[{"embeddable":true,"href":"https:\/\/techgenius.hu\/de\/wp-json\/wp\/v2\/users\/1"}],"replies":[{"embeddable":true,"href":"https:\/\/techgenius.hu\/de\/wp-json\/wp\/v2\/comments?post=9071"}],"version-history":[{"count":52,"href":"https:\/\/techgenius.hu\/de\/wp-json\/wp\/v2\/pages\/9071\/revisions"}],"predecessor-version":[{"id":9258,"href":"https:\/\/techgenius.hu\/de\/wp-json\/wp\/v2\/pages\/9071\/revisions\/9258"}],"wp:attachment":[{"href":"https:\/\/techgenius.hu\/de\/wp-json\/wp\/v2\/media?parent=9071"}],"curies":[{"name":"wp","href":"https:\/\/api.w.org\/{rel}","templated":true}]}}