{"id":9027,"date":"2025-08-30T18:52:15","date_gmt":"2025-08-30T18:52:15","guid":{"rendered":"https:\/\/techgenius.hu\/?page_id=9027"},"modified":"2025-12-13T22:15:28","modified_gmt":"2025-12-13T22:15:28","slug":"dienstleistungen","status":"publish","type":"page","link":"https:\/\/techgenius.hu\/de\/szolgaltatasok\/","title":{"rendered":"Dienstleistungen"},"content":{"rendered":"<div data-elementor-type=\"wp-page\" data-elementor-id=\"9027\" class=\"elementor elementor-9027\" data-elementor-post-type=\"page\">\n\t\t\t\t<div class=\"elementor-element elementor-element-c287fc7 e-grid e-con-boxed e-con e-parent\" data-id=\"c287fc7\" data-element_type=\"container\" data-e-type=\"container\">\n\t\t\t\t\t<div class=\"e-con-inner\">\n\t\t\t\t<div class=\"elementor-element elementor-element-80cffdc elementor-widget elementor-widget-text-editor\" data-id=\"80cffdc\" data-element_type=\"widget\" data-e-type=\"widget\" data-widget_type=\"text-editor.default\">\n\t\t\t\t\t\t\t\t\t<h4><strong>Arbeitsvermittlung <\/strong><\/h4><p>Die Vermittlung von Arbeitskr\u00e4ften liegt uns am Herzen. Von der genauen Ermittlung der Anforderungen bis hin zur Integration neuer Mitarbeiter erfordert der Rekrutierungsprozess spezielles Fachwissen. \u00a0<\/p><p>TechGenius Recruitment sorgt mit gezielten Suchmethoden, fundierten Kenntnissen des IT-Marktes und schnellen Reaktionszeiten daf\u00fcr, dass wir die Suche zufriedenstellend und erfolgreich abschlie\u00dfen k\u00f6nnen.<\/p><p>Wie ist der Service aufgebaut?<\/p><ul><li><strong>Umfassendes Verst\u00e4ndnis der Position und Formulierung fachlicher Vorschl\u00e4ge<\/strong> \u2013 denn wir alle wissen, wie wichtig es ist, dass die Suche von Anfang an in die richtige Richtung geht.<\/li><li class=\"translation-block\"><strong>Gezielte Suche nach Kandidaten<\/strong> \u2013 hier beginnt die eigentliche Arbeit, denn ohne eine geeignete Sourcing-Strategie haben wir niemanden, den wir vorstellen k\u00f6nnen.<\/li><li><strong>Vorauswahl und Vorstellungsgespr\u00e4che<\/strong> \u2013 Nein, es handelt sich nicht um ein 10-min\u00fctiges Telefongespr\u00e4ch. Wir f\u00fchren mit den Bewerbern ein kompetenzbasiertes, strukturiertes Vorstellungsgespr\u00e4ch, um beurteilen zu k\u00f6nnen, inwieweit sie zu Ihrer Unternehmenskultur passen.<\/li><li><strong>Kandidatenmanagement w\u00e4hrend des gesamten Auswahlverfahrens <\/strong>\u2013 Wir sorgen daf\u00fcr, dass Sie keinen einzigen wertvollen Fachmann verpassen und immer \u00fcber parallele Angebote informiert sind.<\/li><li><strong>Unterst\u00fctzung in den ersten 6 Monaten<\/strong> \u2013 weil wir daran glauben, dass kontinuierliche, offene Kommunikation der Schl\u00fcssel zu einer erfolgreichen Integration ist.<\/li><\/ul>\t\t\t\t\t\t\t\t<\/div>\n\t\t\t\t<div class=\"elementor-element elementor-element-96a6f10 elementor-widget__width-auto elementor-widget elementor-widget-image\" data-id=\"96a6f10\" data-element_type=\"widget\" data-e-type=\"widget\" data-widget_type=\"image.default\">\n\t\t\t\t\t\t\t\t\t\t\t\t\t\t\t<img fetchpriority=\"high\" decoding=\"async\" width=\"660\" height=\"991\" src=\"https:\/\/techgenius.hu\/wp-content\/uploads\/2025\/09\/Szolgaltatasok-Munkaero_kozv-682x1024.png\" class=\"attachment-large size-large wp-image-9232\" alt=\"\" srcset=\"https:\/\/techgenius.hu\/wp-content\/uploads\/2025\/09\/Szolgaltatasok-Munkaero_kozv-682x1024.png 682w, https:\/\/techgenius.hu\/wp-content\/uploads\/2025\/09\/Szolgaltatasok-Munkaero_kozv-600x900.png 600w, https:\/\/techgenius.hu\/wp-content\/uploads\/2025\/09\/Szolgaltatasok-Munkaero_kozv-200x300.png 200w, https:\/\/techgenius.hu\/wp-content\/uploads\/2025\/09\/Szolgaltatasok-Munkaero_kozv-768x1152.png 768w, https:\/\/techgenius.hu\/wp-content\/uploads\/2025\/09\/Szolgaltatasok-Munkaero_kozv-8x12.png 8w, https:\/\/techgenius.hu\/wp-content\/uploads\/2025\/09\/Szolgaltatasok-Munkaero_kozv.png 853w\" sizes=\"(max-width: 660px) 100vw, 660px\" \/>\t\t\t\t\t\t\t\t\t\t\t\t\t\t\t<\/div>\n\t\t\t\t\t<\/div>\n\t\t\t\t<\/div>\n\t\t<div class=\"elementor-element elementor-element-d5788aa e-grid e-con-boxed e-con e-parent\" data-id=\"d5788aa\" data-element_type=\"container\" data-e-type=\"container\">\n\t\t\t\t\t<div class=\"e-con-inner\">\n\t\t\t\t<div class=\"elementor-element elementor-element-9bf434d elementor-widget__width-auto elementor-widget elementor-widget-image\" data-id=\"9bf434d\" data-element_type=\"widget\" data-e-type=\"widget\" data-widget_type=\"image.default\">\n\t\t\t\t\t\t\t\t\t\t\t\t\t\t\t<img decoding=\"async\" width=\"660\" height=\"700\" src=\"https:\/\/techgenius.hu\/wp-content\/uploads\/2025\/09\/Szolgaltatasok-Outsourcing-965x1024.png\" class=\"attachment-large size-large wp-image-9239\" alt=\"\" srcset=\"https:\/\/techgenius.hu\/wp-content\/uploads\/2025\/09\/Szolgaltatasok-Outsourcing-965x1024.png 965w, https:\/\/techgenius.hu\/wp-content\/uploads\/2025\/09\/Szolgaltatasok-Outsourcing-600x637.png 600w, https:\/\/techgenius.hu\/wp-content\/uploads\/2025\/09\/Szolgaltatasok-Outsourcing-283x300.png 283w, https:\/\/techgenius.hu\/wp-content\/uploads\/2025\/09\/Szolgaltatasok-Outsourcing-768x815.png 768w, https:\/\/techgenius.hu\/wp-content\/uploads\/2025\/09\/Szolgaltatasok-Outsourcing-11x12.png 11w, https:\/\/techgenius.hu\/wp-content\/uploads\/2025\/09\/Szolgaltatasok-Outsourcing-1447x1536.png 1447w, https:\/\/techgenius.hu\/wp-content\/uploads\/2025\/09\/Szolgaltatasok-Outsourcing.png 1808w\" sizes=\"(max-width: 660px) 100vw, 660px\" \/>\t\t\t\t\t\t\t\t\t\t\t\t\t\t\t<\/div>\n\t\t\t\t<div class=\"elementor-element elementor-element-39a9353 elementor-widget elementor-widget-text-editor\" data-id=\"39a9353\" data-element_type=\"widget\" data-e-type=\"widget\" data-widget_type=\"text-editor.default\">\n\t\t\t\t\t\t\t\t\t<h4><strong>Outplacement<\/strong><\/h4><p>Der IT-Markt ver\u00e4ndert sich besonders schnell \u2013 und wir helfen Ihnen dabei, diesen Wandel auf menschliche Weise zu bew\u00e4ltigen.<\/p><p>Unsere Outplacement-Programme unterst\u00fctzen ausscheidende Mitarbeiter dabei, schnell neue M\u00f6glichkeiten zu finden, w\u00e4hrend Ihre Arbeitgebermarke stark bleibt.<\/p><p>Unsere gezielte Karriereberatung, unsere Marktkenntnisse und unsere individuelle Unterst\u00fctzung sorgen daf\u00fcr, dass Fachkr\u00e4fte gut vorbereitet in den Arbeitsmarkt eintreten. Einigen Bewerbern helfen wir dabei, ihren Lebenslauf zu optimieren, w\u00e4hrend wir anderen beispielsweise durch Probevorstellungsgespr\u00e4che in englischer Sprache mehr Selbstvertrauen vermitteln.<\/p><p>Mit Empathie und professioneller Kompetenz begleiten wir die Kandidaten auf ihrem Weg zum Neuanfang.<\/p>\t\t\t\t\t\t\t\t<\/div>\n\t\t\t\t\t<\/div>\n\t\t\t\t<\/div>\n\t\t<div class=\"elementor-element elementor-element-cf1b900 e-con-full e-flex e-con e-parent\" data-id=\"cf1b900\" data-element_type=\"container\" data-e-type=\"container\">\n\t\t<div class=\"elementor-element elementor-element-8294a5b e-flex e-con-boxed e-con e-child\" data-id=\"8294a5b\" data-element_type=\"container\" data-e-type=\"container\">\n\t\t\t\t\t<div class=\"e-con-inner\">\n\t\t\t\t\t<\/div>\n\t\t\t\t<\/div>\n\t\t\t\t<div class=\"elementor-element elementor-element-b37e2e1 elementor-widget elementor-widget-text-editor\" data-id=\"b37e2e1\" data-element_type=\"widget\" data-e-type=\"widget\" data-widget_type=\"text-editor.default\">\n\t\t\t\t\t\t\t\t\t<h4><strong>Werbepakete <\/strong><\/h4><p>Wenn Sie einen IT-Spezialisten suchen, ist die Ausschreibung der Stelle vielleicht nicht Ihr erster Gedanke. Wir widersprechen dem, denn die richtige Ausschreibung ist die Grundlage f\u00fcr eine erfolgreiche Personalbeschaffung \u2013 vorausgesetzt, wir wissen, wie wir die Zielgruppe ansprechen m\u00fcssen.<\/p><p>Unsere Werbepakete sind so konzipiert, dass Ihre Stellenangebote potenzielle Bewerber zur richtigen Zeit am richtigen Ort finden.<\/p><p>Durch optimierte Texte, die Auswahl geeigneter Plattformen und gezielte Kampagnen steigern wir Ihre Sichtbarkeit gegen\u00fcber Ihren Mitbewerbern.<\/p><p>Wir helfen Ihnen, sich von der Masse abzuheben, damit das Angebot Ihres Unternehmens die Aufmerksamkeit von Fachleuten auf sich zieht.<\/p><p>\u00a0<\/p><h4><strong>IT-Marktforschung, Umfragen <\/strong><\/h4><p>Wie k\u00f6nnten fundierte Entscheidungen ohne fundierte Marktkenntnisse getroffen werden?<\/p><p>Stellen Sie sich au\u00dferdem vor, dass Sie sofort \u00fcber Ver\u00e4nderungen bei Ihren Mitbewerbern informiert werden \u2013 beispielsweise \u00fcber Entlassungen \u2013, sodass Sie die wertvollsten Fachkr\u00e4fte als Erste ansprechen k\u00f6nnen.<\/p><p>Das Team von TechGenius liefert Ihnen die neuesten Daten zum IT-Markt.<\/p><p>Unsere Marktforschungsl\u00f6sungen liefern ein genaues Bild der aktuellen Gehaltsentwicklungen, der Verf\u00fcgbarkeit von Fachkr\u00e4ften und der Wettbewerbsdynamik.<\/p><p>Sie k\u00f6nnen sich auf uns verlassen, egal ob es um den Aufbau eines neuen Teams, eine Expansion oder den Markteintritt geht.<\/p>\t\t\t\t\t\t\t\t<\/div>\n\t\t\t\t<div class=\"elementor-element elementor-element-9eeaa4e elementor-widget elementor-widget-menu-anchor\" data-id=\"9eeaa4e\" data-element_type=\"widget\" data-e-type=\"widget\" data-widget_type=\"menu-anchor.default\">\n\t\t\t\t\t\t\t<div class=\"elementor-menu-anchor\" id=\"hogyan-dolgozunk\"><\/div>\n\t\t\t\t\t\t<\/div>\n\t\t<div class=\"elementor-element elementor-element-60df1b8 e-flex e-con-boxed e-con e-child\" data-id=\"60df1b8\" data-element_type=\"container\" data-e-type=\"container\">\n\t\t\t\t\t<div class=\"e-con-inner\">\n\t\t\t\t\t<\/div>\n\t\t\t\t<\/div>\n\t\t\t\t<\/div>\n\t\t<div class=\"elementor-element elementor-element-3a939bf e-grid e-con-boxed e-con e-parent\" data-id=\"3a939bf\" data-element_type=\"container\" data-e-type=\"container\">\n\t\t\t\t\t<div class=\"e-con-inner\">\n\t\t\t\t<div class=\"elementor-element elementor-element-a6e50a5 elementor-widget elementor-widget-text-editor\" data-id=\"a6e50a5\" data-element_type=\"widget\" data-e-type=\"widget\" data-widget_type=\"text-editor.default\">\n\t\t\t\t\t\t\t\t\t<h4><strong>Wie arbeiten wir?<\/strong><\/h4><p>Ob Start-ups, skalierbare Tech-Unternehmen oder Gro\u00dfprojekte \u2013 bei uns erh\u00e4lt jeder Partner eine ma\u00dfgeschneiderte Unterst\u00fctzung.<\/p><p>Das Team von TechGenius Recruitment bietet seinen Kunden End-to-End-L\u00f6sungen, die alle Bereiche der IT abdecken, von der Softwareentwicklung \u00fcber den Datenbereich bis hin zur Cybersicherheit.<\/p><p class=\"translation-block\">Jede unserer Suchanfragen ist ein <strong>sorgf\u00e4ltig geplantes Projekt<\/strong>, bei dem wir nicht nur das technische Wissen, sondern auch die Pers\u00f6nlichkeit in den Mittelpunkt stellen.<\/p><p class=\"translation-block\">Und das Wichtigste: Bei uns basiert jede Suche auf <strong>Vertrauen, Transparenz und Ergebnissen<\/strong>.<\/p><p>Wenn Sie professionelle IT-Personalvermittlung ben\u00f6tigen, ist TechGenius Recruitment die L\u00f6sung.<\/p>\t\t\t\t\t\t\t\t<\/div>\n\t\t\t\t<div class=\"elementor-element elementor-element-841c6b3 elementor-widget__width-auto elementor-widget elementor-widget-image\" data-id=\"841c6b3\" data-element_type=\"widget\" data-e-type=\"widget\" data-widget_type=\"image.default\">\n\t\t\t\t\t\t\t\t\t\t\t\t\t\t\t<img decoding=\"async\" width=\"660\" height=\"462\" src=\"https:\/\/techgenius.hu\/wp-content\/uploads\/2025\/09\/Hogyan-dolgozunk-old-1024x717.png\" class=\"attachment-large size-large wp-image-9241\" alt=\"\" srcset=\"https:\/\/techgenius.hu\/wp-content\/uploads\/2025\/09\/Hogyan-dolgozunk-old-1024x717.png 1024w, https:\/\/techgenius.hu\/wp-content\/uploads\/2025\/09\/Hogyan-dolgozunk-old-600x420.png 600w, https:\/\/techgenius.hu\/wp-content\/uploads\/2025\/09\/Hogyan-dolgozunk-old-300x210.png 300w, https:\/\/techgenius.hu\/wp-content\/uploads\/2025\/09\/Hogyan-dolgozunk-old-768x538.png 768w, https:\/\/techgenius.hu\/wp-content\/uploads\/2025\/09\/Hogyan-dolgozunk-old-18x12.png 18w, https:\/\/techgenius.hu\/wp-content\/uploads\/2025\/09\/Hogyan-dolgozunk-old-1536x1075.png 1536w, https:\/\/techgenius.hu\/wp-content\/uploads\/2025\/09\/Hogyan-dolgozunk-old.png 1920w\" sizes=\"(max-width: 660px) 100vw, 660px\" \/>\t\t\t\t\t\t\t\t\t\t\t\t\t\t\t<\/div>\n\t\t\t\t\t<\/div>\n\t\t\t\t<\/div>\n\t\t\t\t<\/div>","protected":false},"excerpt":{"rendered":"<p>Munkaer\u0151-k\u00f6zvet\u00edt\u00e9s A munkaer\u0151 k\u00f6zvet\u00edt\u00e9s a sz\u00edv\u00fcgy\u00fcnk. Az ig\u00e9nyek pontos meghat\u00e1roz\u00e1s\u00e1t\u00f3l kezdve, eg\u00e9szen az \u00faj munkat\u00e1rsak integr\u00e1l\u00e1s\u00e1ig, a toborz\u00e1si folyamat speci\u00e1lis szak\u00e9rtelmet ig\u00e9nyel. \u00a0 A TechGenius Recruitment c\u00e9lzott keres\u00e9si m\u00f3dszerekkel, m\u00e9ly IT piaci ismeretekkel \u00e9s gyors reakci\u00f3id\u0151vel biztos\u00edtja, hogy el\u00e9gedetten \u00e9s sikeresen z\u00e1rjuk a keres\u00e9st. Hogyan \u00e9p\u00fcl fel a szolg\u00e1ltat\u00e1s? A poz\u00edci\u00f3 teljes k\u00f6r\u0171 meg\u00e9rt\u00e9se \u00e9s [&hellip;]<\/p>\n","protected":false},"author":1,"featured_media":0,"parent":0,"menu_order":0,"comment_status":"closed","ping_status":"closed","template":"","meta":{"rs_blank_template":"","rs_page_bg_color":"","slide_template_v7":"","footnotes":""},"class_list":["post-9027","page","type-page","status-publish","hentry"],"_links":{"self":[{"href":"https:\/\/techgenius.hu\/de\/wp-json\/wp\/v2\/pages\/9027","targetHints":{"allow":["GET"]}}],"collection":[{"href":"https:\/\/techgenius.hu\/de\/wp-json\/wp\/v2\/pages"}],"about":[{"href":"https:\/\/techgenius.hu\/de\/wp-json\/wp\/v2\/types\/page"}],"author":[{"embeddable":true,"href":"https:\/\/techgenius.hu\/de\/wp-json\/wp\/v2\/users\/1"}],"replies":[{"embeddable":true,"href":"https:\/\/techgenius.hu\/de\/wp-json\/wp\/v2\/comments?post=9027"}],"version-history":[{"count":34,"href":"https:\/\/techgenius.hu\/de\/wp-json\/wp\/v2\/pages\/9027\/revisions"}],"predecessor-version":[{"id":9248,"href":"https:\/\/techgenius.hu\/de\/wp-json\/wp\/v2\/pages\/9027\/revisions\/9248"}],"wp:attachment":[{"href":"https:\/\/techgenius.hu\/de\/wp-json\/wp\/v2\/media?parent=9027"}],"curies":[{"name":"wp","href":"https:\/\/api.w.org\/{rel}","templated":true}]}}