{"id":8980,"date":"2025-08-28T21:40:03","date_gmt":"2025-08-28T21:40:03","guid":{"rendered":"https:\/\/techgenius.hu\/?page_id=8980"},"modified":"2025-12-13T22:15:10","modified_gmt":"2025-12-13T22:15:10","slug":"unser-fachtraining","status":"publish","type":"page","link":"https:\/\/techgenius.hu\/de\/szakteruleteink\/","title":{"rendered":"Unsere Fachgebiete, in denen wir effektiv rekrutieren"},"content":{"rendered":"<div data-elementor-type=\"wp-page\" data-elementor-id=\"8980\" class=\"elementor elementor-8980\" data-elementor-post-type=\"page\">\n\t\t\t\t<div class=\"elementor-element elementor-element-6478901 e-flex e-con-boxed e-con e-parent\" data-id=\"6478901\" data-element_type=\"container\" data-e-type=\"container\">\n\t\t\t\t\t<div class=\"e-con-inner\">\n\t\t\t\t<div class=\"elementor-element elementor-element-79bf42e elementor-widget elementor-widget-menu-anchor\" data-id=\"79bf42e\" data-element_type=\"widget\" data-e-type=\"widget\" data-widget_type=\"menu-anchor.default\">\n\t\t\t\t\t\t\t<div class=\"elementor-menu-anchor\" id=\"ai\"><\/div>\n\t\t\t\t\t\t<\/div>\n\t\t\t\t<div class=\"elementor-element elementor-element-1379bde elementor-widget elementor-widget-image\" data-id=\"1379bde\" data-element_type=\"widget\" data-e-type=\"widget\" data-widget_type=\"image.default\">\n\t\t\t\t\t\t\t\t\t\t\t\t\t\t\t<img fetchpriority=\"high\" decoding=\"async\" width=\"660\" height=\"440\" src=\"https:\/\/techgenius.hu\/wp-content\/uploads\/2025\/09\/engineer-4904884_1920-1024x683.jpg\" class=\"attachment-large size-large wp-image-9273\" alt=\"\" srcset=\"https:\/\/techgenius.hu\/wp-content\/uploads\/2025\/09\/engineer-4904884_1920-1024x683.jpg 1024w, https:\/\/techgenius.hu\/wp-content\/uploads\/2025\/09\/engineer-4904884_1920-600x400.jpg 600w, https:\/\/techgenius.hu\/wp-content\/uploads\/2025\/09\/engineer-4904884_1920-300x200.jpg 300w, https:\/\/techgenius.hu\/wp-content\/uploads\/2025\/09\/engineer-4904884_1920-768x512.jpg 768w, https:\/\/techgenius.hu\/wp-content\/uploads\/2025\/09\/engineer-4904884_1920-18x12.jpg 18w, https:\/\/techgenius.hu\/wp-content\/uploads\/2025\/09\/engineer-4904884_1920-1536x1025.jpg 1536w, https:\/\/techgenius.hu\/wp-content\/uploads\/2025\/09\/engineer-4904884_1920.jpg 1920w\" sizes=\"(max-width: 660px) 100vw, 660px\" \/>\t\t\t\t\t\t\t\t\t\t\t\t\t\t\t<\/div>\n\t\t\t\t<div class=\"elementor-element elementor-element-2411d9a elementor-widget elementor-widget-menu-anchor\" data-id=\"2411d9a\" data-element_type=\"widget\" data-e-type=\"widget\" data-widget_type=\"menu-anchor.default\">\n\t\t\t\t\t\t\t<div class=\"elementor-menu-anchor\" id=\"szoftverfejlesztes\"><\/div>\n\t\t\t\t\t\t<\/div>\n\t\t\t\t<div class=\"elementor-element elementor-element-5ff4e68 elementor-widget elementor-widget-text-editor\" data-id=\"5ff4e68\" data-element_type=\"widget\" data-e-type=\"widget\" data-widget_type=\"text-editor.default\">\n\t\t\t\t\t\t\t\t\t<div class=\"elementor-element elementor-element-9cb2087 e-flex e-con-boxed e-con e-parent e-lazyloaded\" data-id=\"9cb2087\" data-element_type=\"container\" data-settings=\"{&quot;background_background&quot;:&quot;classic&quot;}\"><div class=\"e-con-inner\"><div class=\"elementor-element elementor-element-e2ac969 elementor-widget elementor-widget-text-editor\" data-id=\"e2ac969\" data-element_type=\"widget\" data-widget_type=\"text-editor.default\"><h3>KI und maschinelles Lernen<\/h3><p>KI und maschinelles Lernen ver\u00e4ndern die Gesch\u00e4ftswelt von heute grundlegend. TechGenius Recruitment zielt darauf ab, die talentiertesten KI- und ML-Fachleute mit Unternehmen zusammenzubringen, die an der Spitze der technologischen Innovation bleiben wollen.<\/p><p>Wir wissen, dass diese Positionen spezifisches Fachwissen und tiefe technische Kenntnisse erfordern. Deshalb haben wir der Entwicklung unserer Berater und der Vertiefung ihrer F\u00e4higkeiten besondere Aufmerksamkeit gewidmet.<\/p><p>Unsere erfahrenen Personalvermittler halten mit den rasanten Ver\u00e4nderungen in der Branche Schritt, sodass wir genau wissen, was es braucht, um erfolgreiche KI- und ML-Teams aufzubauen. Dar\u00fcber hinaus verf\u00fcgen wir \u00fcber ein umfangreiches Netzwerk von Kontakten in der Branche, was bei der Rekrutierung ein gro\u00dfer Vorteil ist.<\/p><p>Unser Fachwissen deckt zwar den gesamten Bereich der k\u00fcnstlichen Intelligenz ab, doch im Folgenden finden Sie einige unserer begehrtesten Stellen:<\/p><ul><li>Ingenieur f\u00fcr Computer Vision<\/li><li>NLP-Ingenieur \/ Spezialist<\/li><li>Deep Learning-Ingenieur<\/li><li>KI\/ML-Datenwissenschaftler<\/li><\/ul><\/div><div class=\"elementor-element elementor-element-0f80d78 elementor-widget elementor-widget-menu-anchor\" data-id=\"0f80d78\" data-element_type=\"widget\" data-widget_type=\"menu-anchor.default\"><div id=\"AI\" class=\"elementor-menu-anchor\">\u00a0<\/div><\/div><\/div><\/div>\t\t\t\t\t\t\t\t<\/div>\n\t\t\t\t<div class=\"elementor-element elementor-element-22864af elementor-widget elementor-widget-menu-anchor\" data-id=\"22864af\" data-element_type=\"widget\" data-e-type=\"widget\" data-widget_type=\"menu-anchor.default\">\n\t\t\t\t\t\t\t<div class=\"elementor-menu-anchor\" id=\"jatekfejlesztes\"><\/div>\n\t\t\t\t\t\t<\/div>\n\t\t\t\t<div class=\"elementor-element elementor-element-00c38d2 elementor-widget elementor-widget-text-editor\" data-id=\"00c38d2\" data-element_type=\"widget\" data-e-type=\"widget\" data-widget_type=\"text-editor.default\">\n\t\t\t\t\t\t\t\t\t<div class=\"elementor-element elementor-element-9cb2087 e-flex e-con-boxed e-con e-parent e-lazyloaded\" data-id=\"9cb2087\" data-element_type=\"container\" data-settings=\"{&quot;background_background&quot;:&quot;classic&quot;}\"><div class=\"e-con-inner\"><div class=\"elementor-element elementor-element-eb13fb8 e-con-full e-flex e-con e-child\" data-id=\"eb13fb8\" data-element_type=\"container\"><div class=\"elementor-element elementor-element-35e7f1f elementor-widget elementor-widget-text-editor\" data-id=\"35e7f1f\" data-element_type=\"widget\" data-widget_type=\"text-editor.default\"><h3>Softwareentwicklung<\/h3><p>Die Softwareentwicklung ist einer der wichtigsten und dynamischsten Bereiche der IT, in dem Kreativit\u00e4t und technisches Wissen Hand in Hand gehen. TechGenius Recruitment hat sich zum Ziel gesetzt, die besten Entwickler f\u00fcr Kunden zu finden, die innovative L\u00f6sungen entwickeln wollen. Wir wissen, dass jedes Projekt einzigartige Herausforderungen mit sich bringt, weshalb wir einzigartige Rekrutierungsstrategien anwenden. Ob es sich um Backend-, Frontend- oder Full-Stack-Entwickler handelt, Effizienz ist immer unsere oberste Priorit\u00e4t. Es geht nicht nur um den Technologie-Stack und die fachlichen F\u00e4higkeiten, sondern auch um die Teamf\u00e4higkeit und Motivation der Kandidaten<\/p><\/div><\/div><\/div><\/div><div class=\"elementor-element elementor-element-486d56a e-flex e-con-boxed e-con e-parent e-lazyloaded\" data-id=\"486d56a\" data-element_type=\"container\"><div class=\"e-con-inner\"><div class=\"elementor-element elementor-element-c97df2c elementor-widget elementor-widget-text-editor\" data-id=\"c97df2c\" data-element_type=\"widget\" data-widget_type=\"text-editor.default\">\u00a0<\/div><\/div><\/div>\t\t\t\t\t\t\t\t<\/div>\n\t\t\t\t<div class=\"elementor-element elementor-element-9ffbea5 elementor-widget elementor-widget-menu-anchor\" data-id=\"9ffbea5\" data-element_type=\"widget\" data-e-type=\"widget\" data-widget_type=\"menu-anchor.default\">\n\t\t\t\t\t\t\t<div class=\"elementor-menu-anchor\" id=\"it-infrastruktura\"><\/div>\n\t\t\t\t\t\t<\/div>\n\t\t\t\t<div class=\"elementor-element elementor-element-9c2bec5 elementor-widget elementor-widget-text-editor\" data-id=\"9c2bec5\" data-element_type=\"widget\" data-e-type=\"widget\" data-widget_type=\"text-editor.default\">\n\t\t\t\t\t\t\t\t\t<div class=\"elementor-element elementor-element-9cb2087 e-flex e-con-boxed e-con e-parent e-lazyloaded\" data-id=\"9cb2087\" data-element_type=\"container\" data-settings=\"{&quot;background_background&quot;:&quot;classic&quot;}\"><div class=\"e-con-inner\"><div class=\"elementor-element elementor-element-eb13fb8 e-con-full e-flex e-con e-child\" data-id=\"eb13fb8\" data-element_type=\"container\"><div class=\"elementor-element elementor-element-4ae219c e-con-full e-flex e-con e-child\" data-id=\"4ae219c\" data-element_type=\"container\"><div class=\"elementor-element elementor-element-d5105bf elementor-widget elementor-widget-text-editor\" data-id=\"d5105bf\" data-element_type=\"widget\" data-widget_type=\"text-editor.default\"><h3>Spieleentwicklung<\/h3><p>Die Welt der Spieleentwicklung verbindet Kreativit\u00e4t, Technologie und eine Leidenschaft f\u00fcr das Benutzererlebnis. TechGenius Recruitment ist ein Experte f\u00fcr die Spieleindustrie. Unsere Personalvermittler kennen die besonderen Anforderungen der Spieleentwicklung und die erforderlichen F\u00e4higkeiten und helfen den talentiertesten Fachkr\u00e4ften, ihre Traumstelle zu finden. Positionen, in denen wir in der Vergangenheit Erfahrung gesammelt haben:<\/p><ul><li>Spiele-Entwickler<\/li><li>UI\/UX-Designer<\/li><li>Unity Game Engine Entwickler<\/li><\/ul><\/div><\/div><\/div><\/div><\/div><div class=\"elementor-element elementor-element-486d56a e-flex e-con-boxed e-con e-parent e-lazyloaded\" data-id=\"486d56a\" data-element_type=\"container\"><div class=\"e-con-inner\"><div class=\"elementor-element elementor-element-c97df2c elementor-widget elementor-widget-text-editor\" data-id=\"c97df2c\" data-element_type=\"widget\" data-widget_type=\"text-editor.default\">\u00a0<\/div><\/div><\/div>\t\t\t\t\t\t\t\t<\/div>\n\t\t\t\t<div class=\"elementor-element elementor-element-ecfd5d1 elementor-widget elementor-widget-menu-anchor\" data-id=\"ecfd5d1\" data-element_type=\"widget\" data-e-type=\"widget\" data-widget_type=\"menu-anchor.default\">\n\t\t\t\t\t\t\t<div class=\"elementor-menu-anchor\" id=\"it-biztonsag\"><\/div>\n\t\t\t\t\t\t<\/div>\n\t\t\t\t<div class=\"elementor-element elementor-element-3029480 elementor-widget elementor-widget-text-editor\" data-id=\"3029480\" data-element_type=\"widget\" data-e-type=\"widget\" data-widget_type=\"text-editor.default\">\n\t\t\t\t\t\t\t\t\t<div class=\"elementor-element elementor-element-9cb2087 e-flex e-con-boxed e-con e-parent e-lazyloaded\" data-id=\"9cb2087\" data-element_type=\"container\" data-settings=\"{&quot;background_background&quot;:&quot;classic&quot;}\"><div class=\"e-con-inner\"><div class=\"elementor-element elementor-element-eb13fb8 e-con-full e-flex e-con e-child\" data-id=\"eb13fb8\" data-element_type=\"container\"><div class=\"elementor-element elementor-element-4ae219c e-con-full e-flex e-con e-child\" data-id=\"4ae219c\" data-element_type=\"container\"><div class=\"elementor-element elementor-element-d5105bf elementor-widget elementor-widget-text-editor\" data-id=\"d5105bf\" data-element_type=\"widget\" data-widget_type=\"text-editor.default\"><h3>IT-Infrastruktur<\/h3><p>Die vertrauensw\u00fcrdige IT-Infrastruktur ist der Eckpfeiler der digitalen Welt. Unser Rekrutierungsteam kann Ihnen helfen, Fachleute zu finden, die hochmoderne Netzwerk- und Cloud-Systeme aufbauen und warten k\u00f6nnen. Ob es um eine hybride Umgebung, DevOps oder Containerisierung geht, unsere Kunden k\u00f6nnen sich darauf verlassen, dass wir sie schnell und effizient unterst\u00fctzen.<\/p><p>Unsere regelm\u00e4\u00dfigen Recherchen:<\/p><ul><li>Cloud-Ingenieur (AWS, Azure, GCP)<\/li><li>Netzwerktechniker<\/li><li>Systemingenieur<\/li><li>DevOps-Ingenieur<\/li><\/ul><\/div><\/div><\/div><\/div><\/div><div class=\"elementor-element elementor-element-486d56a e-flex e-con-boxed e-con e-parent e-lazyloaded\" data-id=\"486d56a\" data-element_type=\"container\"><div class=\"e-con-inner\"><div class=\"elementor-element elementor-element-c97df2c elementor-widget elementor-widget-text-editor\" data-id=\"c97df2c\" data-element_type=\"widget\" data-widget_type=\"text-editor.default\">\u00a0<\/div><\/div><\/div>\t\t\t\t\t\t\t\t<\/div>\n\t\t\t\t<div class=\"elementor-element elementor-element-9260b14 elementor-widget elementor-widget-menu-anchor\" data-id=\"9260b14\" data-element_type=\"widget\" data-e-type=\"widget\" data-widget_type=\"menu-anchor.default\">\n\t\t\t\t\t\t\t<div class=\"elementor-menu-anchor\" id=\"adatmenedzsment\"><\/div>\n\t\t\t\t\t\t<\/div>\n\t\t\t\t<div class=\"elementor-element elementor-element-c78cdf5 elementor-widget elementor-widget-text-editor\" data-id=\"c78cdf5\" data-element_type=\"widget\" data-e-type=\"widget\" data-widget_type=\"text-editor.default\">\n\t\t\t\t\t\t\t\t\t<div class=\"elementor-element elementor-element-9cb2087 e-flex e-con-boxed e-con e-parent e-lazyloaded\" data-id=\"9cb2087\" data-element_type=\"container\" data-settings=\"{&quot;background_background&quot;:&quot;classic&quot;}\"><div class=\"e-con-inner\"><div class=\"elementor-element elementor-element-eb13fb8 e-con-full e-flex e-con e-child\" data-id=\"eb13fb8\" data-element_type=\"container\"><div class=\"elementor-element elementor-element-4ae219c e-con-full e-flex e-con e-child\" data-id=\"4ae219c\" data-element_type=\"container\"><div class=\"elementor-element elementor-element-d5105bf elementor-widget elementor-widget-text-editor\" data-id=\"d5105bf\" data-element_type=\"widget\" data-widget_type=\"text-editor.default\"><h3>IT-Sicherheit<\/h3><p>TechGenius Recruitment hat es sich zur Aufgabe gemacht, Experten f\u00fcr Cybersicherheit zu finden, die Systeme, Daten und Nutzer sch\u00fctzen k\u00f6nnen. Unsere Berater verstehen die Welt der Compliance, des Risikomanagements und des Ethical Hacking. Wir kennen die richtige Richtung, wenn Sie einen engagierten, vertrauensw\u00fcrdigen Fachmann f\u00fcr IT-Sicherheit brauchen.<\/p><\/div><\/div><\/div><\/div><\/div><div class=\"elementor-element elementor-element-486d56a e-flex e-con-boxed e-con e-parent e-lazyloaded\" data-id=\"486d56a\" data-element_type=\"container\"><div class=\"e-con-inner\"><div class=\"elementor-element elementor-element-c97df2c elementor-widget elementor-widget-text-editor\" data-id=\"c97df2c\" data-element_type=\"widget\" data-widget_type=\"text-editor.default\">\u00a0<\/div><\/div><\/div>\t\t\t\t\t\t\t\t<\/div>\n\t\t\t\t<div class=\"elementor-element elementor-element-f672e83 elementor-widget elementor-widget-menu-anchor\" data-id=\"f672e83\" data-element_type=\"widget\" data-e-type=\"widget\" data-widget_type=\"menu-anchor.default\">\n\t\t\t\t\t\t\t<div class=\"elementor-menu-anchor\" id=\"tanacsadoi\"><\/div>\n\t\t\t\t\t\t<\/div>\n\t\t\t\t<div class=\"elementor-element elementor-element-9834d31 elementor-widget elementor-widget-text-editor\" data-id=\"9834d31\" data-element_type=\"widget\" data-e-type=\"widget\" data-widget_type=\"text-editor.default\">\n\t\t\t\t\t\t\t\t\t<div class=\"elementor-element elementor-element-9cb2087 e-flex e-con-boxed e-con e-parent e-lazyloaded\" data-id=\"9cb2087\" data-element_type=\"container\" data-settings=\"{&quot;background_background&quot;:&quot;classic&quot;}\"><div class=\"e-con-inner\"><div class=\"elementor-element elementor-element-eb13fb8 e-con-full e-flex e-con e-child\" data-id=\"eb13fb8\" data-element_type=\"container\"><div class=\"elementor-element elementor-element-4ae219c e-con-full e-flex e-con e-child\" data-id=\"4ae219c\" data-element_type=\"container\"><div class=\"elementor-element elementor-element-d5105bf elementor-widget elementor-widget-text-editor\" data-id=\"d5105bf\" data-element_type=\"widget\" data-widget_type=\"text-editor.default\"><h3>Datenmanagement<\/h3><p>Daten sind eindeutig eine der wertvollsten Ressourcen des 21. Jahrhunderts. TechGenius Recruitment hilft Ihnen, Datenexperten zu finden, die daf\u00fcr sorgen, dass Ihre Daten effizient und sicher verwaltet werden. Datenbanken, ETL-Prozesse und verschiedene Tools und Technologien sind f\u00fcr uns keine Fremdw\u00f6rter.<\/p><p>Unsere Positionen aus der Vergangenheit:<\/p><ul><li>Datentechniker<\/li><li>Datenwissenschaftler<\/li><li>Analytik-Ingenieur<\/li><li>Datenbank-Administrator<\/li><li>ETL-Entwickler<\/li><\/ul><\/div><div class=\"elementor-element elementor-element-62f7c4d e-con-full e-flex e-con e-child\" data-id=\"62f7c4d\" data-element_type=\"container\"><div class=\"elementor-element elementor-element-6193ca9 elementor-widget elementor-widget-text-editor\" data-id=\"6193ca9\" data-element_type=\"widget\" data-widget_type=\"text-editor.default\">\u00a0<\/div><\/div><\/div><\/div><\/div><\/div><div class=\"elementor-element elementor-element-486d56a e-flex e-con-boxed e-con e-parent e-lazyloaded\" data-id=\"486d56a\" data-element_type=\"container\"><div class=\"e-con-inner\"><div class=\"elementor-element elementor-element-c97df2c elementor-widget elementor-widget-text-editor\" data-id=\"c97df2c\" data-element_type=\"widget\" data-widget_type=\"text-editor.default\">\u00a0<\/div><\/div><\/div>\t\t\t\t\t\t\t\t<\/div>\n\t\t\t\t<div class=\"elementor-element elementor-element-5551ead elementor-widget elementor-widget-text-editor\" data-id=\"5551ead\" data-element_type=\"widget\" data-e-type=\"widget\" data-widget_type=\"text-editor.default\">\n\t\t\t\t\t\t\t\t\t<div class=\"elementor-element elementor-element-d5105bf elementor-widget elementor-widget-text-editor\" data-id=\"d5105bf\" data-element_type=\"widget\" data-widget_type=\"text-editor.default\"><h3>Beraterpositionen<\/h3><p>In der Welt der IT gehen technologisches Wissen und unternehmerisches Denken Hand in Hand. Bei Beratungspositionen setzen wir verschiedene Interviewtechniken ein, um die Kommunikationsf\u00e4higkeit, das Stakeholder-Management und die Soft Skills der Bewerber zu testen.<\/p><p>Typische Suchanfragen:<\/p><ul><li>IT-Projektleiter<\/li><li>IT-Business-Analyst<\/li><li>Berater f\u00fcr digitale Transformation<br \/><br \/><br \/><br \/><\/li><\/ul><\/div><div class=\"elementor-element elementor-element-62f7c4d e-con-full e-flex e-con e-child\" data-id=\"62f7c4d\" data-element_type=\"container\"><div class=\"elementor-element elementor-element-6193ca9 elementor-widget elementor-widget-text-editor\" data-id=\"6193ca9\" data-element_type=\"widget\" data-widget_type=\"text-editor.default\">\u00a0<\/div><\/div>\t\t\t\t\t\t\t\t<\/div>\n\t\t\t\t\t<\/div>\n\t\t\t\t<\/div>\n\t\t\t\t<\/div>","protected":false},"excerpt":{"rendered":"<p>AI &amp; Machine Learning Az AI \u00e9s Machine Learning napjainkban alapjaiban form\u00e1lja \u00e1t az \u00fczleti vil\u00e1got. A TechGenius Recruitment c\u00e9lja, hogy \u00f6sszekapcsolja a legtehets\u00e9gesebb AI- \u00e9s ML-szakembereket azokkal a v\u00e1llalatokkal, amelyek a technol\u00f3giai innov\u00e1ci\u00f3 \u00e9lvonal\u00e1ban szeretn\u00e9nek maradni. Tiszt\u00e1ban vagyunk vele, hogy ezek a poz\u00edci\u00f3k k\u00fcl\u00f6nleges szak\u00e9rtelmet \u00e9s m\u00e9ly technikai tud\u00e1st ig\u00e9nyelnek \u2013 ennek ok\u00e1n kiemelt [&hellip;]<\/p>\n","protected":false},"author":1,"featured_media":0,"parent":0,"menu_order":0,"comment_status":"closed","ping_status":"closed","template":"","meta":{"rs_blank_template":"","rs_page_bg_color":"","slide_template_v7":"","footnotes":""},"class_list":["post-8980","page","type-page","status-publish","hentry"],"_links":{"self":[{"href":"https:\/\/techgenius.hu\/de\/wp-json\/wp\/v2\/pages\/8980","targetHints":{"allow":["GET"]}}],"collection":[{"href":"https:\/\/techgenius.hu\/de\/wp-json\/wp\/v2\/pages"}],"about":[{"href":"https:\/\/techgenius.hu\/de\/wp-json\/wp\/v2\/types\/page"}],"author":[{"embeddable":true,"href":"https:\/\/techgenius.hu\/de\/wp-json\/wp\/v2\/users\/1"}],"replies":[{"embeddable":true,"href":"https:\/\/techgenius.hu\/de\/wp-json\/wp\/v2\/comments?post=8980"}],"version-history":[{"count":28,"href":"https:\/\/techgenius.hu\/de\/wp-json\/wp\/v2\/pages\/8980\/revisions"}],"predecessor-version":[{"id":9415,"href":"https:\/\/techgenius.hu\/de\/wp-json\/wp\/v2\/pages\/8980\/revisions\/9415"}],"wp:attachment":[{"href":"https:\/\/techgenius.hu\/de\/wp-json\/wp\/v2\/media?parent=8980"}],"curies":[{"name":"wp","href":"https:\/\/api.w.org\/{rel}","templated":true}]}}