{"id":8627,"date":"2021-03-10T09:29:15","date_gmt":"2021-03-10T09:29:15","guid":{"rendered":"https:\/\/apusthemes.com\/wp-demo\/superio\/?page_id=40"},"modified":"2026-04-18T08:54:27","modified_gmt":"2026-04-18T08:54:27","slug":"unsere-geschichte","status":"publish","type":"page","link":"https:\/\/techgenius.hu\/de\/tortenetunk\/","title":{"rendered":"Unsere Geschichte"},"content":{"rendered":"<div data-elementor-type=\"wp-page\" data-elementor-id=\"8627\" class=\"elementor elementor-8627\" data-elementor-post-type=\"page\">\n\t\t\t\t\t\t<section class=\"elementor-section elementor-top-section elementor-element elementor-element-9488ef4 elementor-section-stretched elementor-section-boxed elementor-section-height-default elementor-section-height-default\" data-id=\"9488ef4\" data-element_type=\"section\" data-e-type=\"section\" data-settings=\"{&quot;stretch_section&quot;:&quot;section-stretched&quot;}\">\n\t\t\t\t\t\t<div class=\"elementor-container elementor-column-gap-narrow\">\n\t\t\t\t\t<div class=\"elementor-column elementor-col-25 elementor-top-column elementor-element elementor-element-bb09123\" data-id=\"bb09123\" data-element_type=\"column\" data-e-type=\"column\">\n\t\t\t<div class=\"elementor-widget-wrap\">\n\t\t\t\t\t\t\t<\/div>\n\t\t<\/div>\n\t\t\t\t<div class=\"elementor-column elementor-col-25 elementor-top-column elementor-element elementor-element-00c8e70\" data-id=\"00c8e70\" data-element_type=\"column\" data-e-type=\"column\">\n\t\t\t<div class=\"elementor-widget-wrap elementor-element-populated\">\n\t\t\t\t\t\t<div class=\"elementor-element elementor-element-d7f888e elementor-widget elementor-widget-image\" data-id=\"d7f888e\" data-element_type=\"widget\" data-e-type=\"widget\" data-widget_type=\"image.default\">\n\t\t\t\t\t\t\t\t\t\t\t\t\t\t\t\t<a href=\"https:\/\/techgenius.hu\/wp-content\/uploads\/2025\/08\/fotozas_2023_kozeli.jpg\" data-elementor-open-lightbox=\"yes\" data-elementor-lightbox-title=\"foto\u0301za\u0301s_2023_ko\u0308zeli\" data-e-action-hash=\"#elementor-action%3Aaction%3Dlightbox%26settings%3DeyJpZCI6ODg2NywidXJsIjoiaHR0cHM6XC9cL3RlY2hnZW5pdXMuaHVcL3dwLWNvbnRlbnRcL3VwbG9hZHNcLzIwMjVcLzA4XC9mb3RvemFzXzIwMjNfa296ZWxpLmpwZyJ9\">\n\t\t\t\t\t\t\t<img decoding=\"async\" src=\"https:\/\/techgenius.hu\/wp-content\/uploads\/elementor\/thumbs\/fotozas_2023_kozeli-ravtl4io096d61ltln0kaipevijm1tuiyrlk0mm7uo.jpg\" title=\"Fotografie_2023_Nahaufnahme\" alt=\"Fotografie_2023_Nahaufnahme\" loading=\"lazy\" \/>\t\t\t\t\t\t\t\t<\/a>\n\t\t\t\t\t\t\t\t\t\t\t\t\t\t\t<\/div>\n\t\t\t\t\t<\/div>\n\t\t<\/div>\n\t\t\t\t<div class=\"elementor-column elementor-col-25 elementor-top-column elementor-element elementor-element-9af2fcf\" data-id=\"9af2fcf\" data-element_type=\"column\" data-e-type=\"column\">\n\t\t\t<div class=\"elementor-widget-wrap elementor-element-populated\">\n\t\t\t\t\t\t<div class=\"elementor-element elementor-element-09df5c9 elementor-widget elementor-widget-image\" data-id=\"09df5c9\" data-element_type=\"widget\" data-e-type=\"widget\" data-widget_type=\"image.default\">\n\t\t\t\t\t\t\t\t\t\t\t\t\t\t\t\t<a href=\"https:\/\/techgenius.hu\/wp-content\/uploads\/2025\/08\/1748958202023.jpg\" data-elementor-open-lightbox=\"yes\" data-elementor-lightbox-title=\"1748958202023\" data-e-action-hash=\"#elementor-action%3Aaction%3Dlightbox%26settings%3DeyJpZCI6ODg2OCwidXJsIjoiaHR0cHM6XC9cL3RlY2hnZW5pdXMuaHVcL3dwLWNvbnRlbnRcL3VwbG9hZHNcLzIwMjVcLzA4XC8xNzQ4OTU4MjAyMDIzLmpwZyJ9\">\n\t\t\t\t\t\t\t<img fetchpriority=\"high\" decoding=\"async\" width=\"800\" height=\"800\" src=\"https:\/\/techgenius.hu\/wp-content\/uploads\/2025\/08\/1748958202023.jpg\" class=\"attachment-full size-full wp-image-8868\" alt=\"\" srcset=\"https:\/\/techgenius.hu\/wp-content\/uploads\/2025\/08\/1748958202023.jpg 800w, https:\/\/techgenius.hu\/wp-content\/uploads\/2025\/08\/1748958202023-300x300.jpg 300w, https:\/\/techgenius.hu\/wp-content\/uploads\/2025\/08\/1748958202023-410x410.jpg 410w, https:\/\/techgenius.hu\/wp-content\/uploads\/2025\/08\/1748958202023-600x600.jpg 600w, https:\/\/techgenius.hu\/wp-content\/uploads\/2025\/08\/1748958202023-150x150.jpg 150w, https:\/\/techgenius.hu\/wp-content\/uploads\/2025\/08\/1748958202023-768x768.jpg 768w, https:\/\/techgenius.hu\/wp-content\/uploads\/2025\/08\/1748958202023-12x12.jpg 12w\" sizes=\"(max-width: 800px) 100vw, 800px\" \/>\t\t\t\t\t\t\t\t<\/a>\n\t\t\t\t\t\t\t\t\t\t\t\t\t\t\t<\/div>\n\t\t\t\t\t<\/div>\n\t\t<\/div>\n\t\t\t\t<div class=\"elementor-column elementor-col-25 elementor-top-column elementor-element elementor-element-4458324\" data-id=\"4458324\" data-element_type=\"column\" data-e-type=\"column\">\n\t\t\t<div class=\"elementor-widget-wrap\">\n\t\t\t\t\t\t\t<\/div>\n\t\t<\/div>\n\t\t\t\t\t<\/div>\n\t\t<\/section>\n\t\t\t\t<section class=\"elementor-section elementor-top-section elementor-element elementor-element-b349c76 elementor-section-stretched elementor-section-boxed elementor-section-height-default elementor-section-height-default\" data-id=\"b349c76\" data-element_type=\"section\" data-e-type=\"section\" data-settings=\"{&quot;stretch_section&quot;:&quot;section-stretched&quot;}\">\n\t\t\t\t\t\t<div class=\"elementor-container elementor-column-gap-extended\">\n\t\t\t\t\t<div class=\"elementor-column elementor-col-100 elementor-top-column elementor-element elementor-element-1d99470\" data-id=\"1d99470\" data-element_type=\"column\" data-e-type=\"column\">\n\t\t\t<div class=\"elementor-widget-wrap elementor-element-populated\">\n\t\t\t\t\t\t<div class=\"elementor-element elementor-element-455cbd6 elementor-widget elementor-widget-text-editor\" data-id=\"455cbd6\" data-element_type=\"widget\" data-e-type=\"widget\" data-widget_type=\"text-editor.default\">\n\t\t\t\t\t\t\t\t\t<p>TechGenius Recruitment entstand aus einer einfachen, aber umso st\u00e4rkeren Vision:<br \/><strong>talentierte IT-Fachleute mit Unternehmen zusammenbringen, die echte Innovationen schaffen wollen. <\/strong><\/p><p>Die Geschichte von TechGenius Recruitment begann mit zwei engagierten IT-Beratern. Die Gr\u00fcnder arbeiteten jahrelang zusammen und halfen verschiedenen Unternehmen bei der Suche nach Tech-Fachkr\u00e4ften. Tag f\u00fcr Tag stellten sie fest, dass traditionelle Rekrutierungsmethoden f\u00fcr den sich schnell ver\u00e4ndernden IT-Arbeitsmarkt nicht mehr ausreichten. Talente gingen oft unter oder verpassten Chancen, die eigentlich perfekt zu ihnen gepasst h\u00e4tten. Sie kamen immer mehr zu der \u00dcberzeugung, dass die Personalbeschaffung anders \u2013 effizienter und qualitativ hochwertiger \u2013 gestaltet werden k\u00f6nnte. Eines Tages beschlossen sie, ihre Erfahrungen und ihre gemeinsame Vision im Rahmen eines eigenen Unternehmens zu nutzen.<\/p><p>Von hier aus sind wir gestartet.<br \/><strong>Unser Ziel war es, eine Personalvermittlungsagentur zu gr\u00fcnden, die nicht nur als Vermittler fungiert, sondern als echter Partner arbeitet \u2013 die sowohl die spezielle Sprache der IT-Welt versteht als auch die tieferen, menschlichen Aspekte der Personalbeschaffung. Wir senden nicht nur Lebensl\u00e4ufe, sondern bieten echte L\u00f6sungen und unterst\u00fctzen unsere Kandidaten aktiv beim Aufbau ihrer Karriere.<\/strong><\/p>\t\t\t\t\t\t\t\t<\/div>\n\t\t\t\t\t<\/div>\n\t\t<\/div>\n\t\t\t\t\t<\/div>\n\t\t<\/section>\n\t\t<div class=\"elementor-element elementor-element-252f984 e-flex e-con-boxed e-con e-parent\" data-id=\"252f984\" data-element_type=\"container\" data-e-type=\"container\">\n\t\t\t\t\t<div class=\"e-con-inner\">\n\t\t\t\t<div class=\"elementor-element elementor-element-d231d32 elementor-widget elementor-widget-menu-anchor\" data-id=\"d231d32\" data-element_type=\"widget\" data-e-type=\"widget\" data-widget_type=\"menu-anchor.default\">\n\t\t\t\t\t\t\t<div class=\"elementor-menu-anchor\" id=\"ertekeink\"><\/div>\n\t\t\t\t\t\t<\/div>\n\t\t\t\t<div class=\"elementor-element elementor-element-d1e1095 elementor-widget elementor-widget-spacer\" data-id=\"d1e1095\" data-element_type=\"widget\" data-e-type=\"widget\" data-widget_type=\"spacer.default\">\n\t\t\t\t\t\t\t<div class=\"elementor-spacer\">\n\t\t\t<div class=\"elementor-spacer-inner\"><\/div>\n\t\t<\/div>\n\t\t\t\t\t\t<\/div>\n\t\t\t\t<div class=\"elementor-element elementor-element-0832925 elementor-widget elementor-widget-heading\" data-id=\"0832925\" data-element_type=\"widget\" data-e-type=\"widget\" data-widget_type=\"heading.default\">\n\t\t\t\t\t<h2 class=\"elementor-heading-title elementor-size-default\">Unsere Werte<\/h2>\t\t\t\t<\/div>\n\t\t<div class=\"elementor-element elementor-element-f85f462 e-con-full e-flex e-con e-child\" data-id=\"f85f462\" data-element_type=\"container\" data-e-type=\"container\">\n\t\t\t\t<div class=\"elementor-element elementor-element-952d662 elementor-widget elementor-widget-image\" data-id=\"952d662\" data-element_type=\"widget\" data-e-type=\"widget\" data-widget_type=\"image.default\">\n\t\t\t\t\t\t\t\t\t\t\t\t\t\t\t<img decoding=\"async\" width=\"660\" height=\"372\" src=\"https:\/\/techgenius.hu\/wp-content\/uploads\/2025\/09\/binary-code-7190628_1920-1024x577.jpg\" class=\"attachment-large size-large wp-image-9259\" alt=\"\" srcset=\"https:\/\/techgenius.hu\/wp-content\/uploads\/2025\/09\/binary-code-7190628_1920-1024x577.jpg 1024w, https:\/\/techgenius.hu\/wp-content\/uploads\/2025\/09\/binary-code-7190628_1920-600x338.jpg 600w, https:\/\/techgenius.hu\/wp-content\/uploads\/2025\/09\/binary-code-7190628_1920-300x169.jpg 300w, https:\/\/techgenius.hu\/wp-content\/uploads\/2025\/09\/binary-code-7190628_1920-768x432.jpg 768w, https:\/\/techgenius.hu\/wp-content\/uploads\/2025\/09\/binary-code-7190628_1920-18x10.jpg 18w, https:\/\/techgenius.hu\/wp-content\/uploads\/2025\/09\/binary-code-7190628_1920-1536x865.jpg 1536w, https:\/\/techgenius.hu\/wp-content\/uploads\/2025\/09\/binary-code-7190628_1920.jpg 1920w\" sizes=\"(max-width: 660px) 100vw, 660px\" \/>\t\t\t\t\t\t\t\t\t\t\t\t\t\t\t<\/div>\n\t\t\t\t<div class=\"elementor-element elementor-element-9e0bc55 elementor-widget elementor-widget-text-editor\" data-id=\"9e0bc55\" data-element_type=\"widget\" data-e-type=\"widget\" data-widget_type=\"text-editor.default\">\n\t\t\t\t\t\t\t\t\t<h5><strong>Specializ\u00e1ci\u00f3<\/strong><\/h5><p>Az IT toborz\u00e1s egy rendk\u00edv\u00fcl \u00f6sszetett \u00e9s dinamikusan v\u00e1ltoz\u00f3 ter\u00fclet, ahol a val\u00f3di szak\u00e9rtelem elengedhetetlen. Meg\u00edt\u00e9l\u00e9s\u00fcnk szerint a \u201emindent is toborzunk\u201d szeml\u00e9let ezen a piacon ritk\u00e1n m\u0171k\u00f6dik j\u00f3l \u2013 neh\u00e9z m\u00e9lys\u00e9g\u00e9ben meg\u00e9rteni az IT vil\u00e1g\u00e1t, ha mellette t\u00f6bb, teljesen elt\u00e9r\u0151 szegmensre is f\u00f3kusz\u00e1l valaki.<\/p><p>Hisz\u00fcnk abban, hogy csak \u00fagy tudunk val\u00f3di \u00e9rt\u00e9ket teremteni, ha m\u00e9lyen \u00e9rtj\u00fck az adott technol\u00f3gi\u00e1kat, szerepk\u00f6r\u00f6ket \u00e9s piaci saj\u00e1toss\u00e1gokat. Ez\u00e9rt a f\u00f3kusz\u00e1lunk kiz\u00e1r\u00f3lag az IT munkaer\u0151piacra.<\/p><p>A specializ\u00e1ci\u00f3 azonban n\u00e1lunk nem \u00e1ll meg ezen a szinten: csapaton bel\u00fcl is tov\u00e1bb szegment\u00e1ljuk a tud\u00e1st. Recruitereink k\u00fcl\u00f6nb\u00f6z\u0151 technol\u00f3gi\u00e1kra, ipar\u00e1gakra \u00e9s ter\u00fcletekre specializ\u00e1l\u00f3dnak, \u00edgy minden projekt m\u00f6g\u00f6tt c\u00e9lzott, relev\u00e1ns szak\u00e9rt\u0151 \u00e1ll.<\/p>\t\t\t\t\t\t\t\t<\/div>\n\t\t<div class=\"elementor-element elementor-element-aca20e6 e-con-full e-flex e-con e-child\" data-id=\"aca20e6\" data-element_type=\"container\" data-e-type=\"container\">\n\t\t\t\t<div class=\"elementor-element elementor-element-3e46126 elementor-view-default elementor-position-block-start elementor-mobile-position-block-start elementor-widget elementor-widget-icon-box\" data-id=\"3e46126\" data-element_type=\"widget\" data-e-type=\"widget\" data-widget_type=\"icon-box.default\">\n\t\t\t\t\t\t\t<div class=\"elementor-icon-box-wrapper\">\n\n\t\t\t\t\t\t<div class=\"elementor-icon-box-icon\">\n\t\t\t\t<span  class=\"elementor-icon\">\n\t\t\t\t<svg aria-hidden=\"true\" class=\"e-font-icon-svg e-fas-chart-area\" viewbox=\"0 0 512 512\" xmlns=\"http:\/\/www.w3.org\/2000\/svg\"><path d=\"M500 384c6.6 0 12 5.4 12 12v40c0 6.6-5.4 12-12 12H12c-6.6 0-12-5.4-12-12V76c0-6.6 5.4-12 12-12h40c6.6 0 12 5.4 12 12v308h436zM372.7 159.5L288 216l-85.3-113.7c-5.1-6.8-15.5-6.3-19.9 1L96 248v104h384l-89.9-187.8c-3.2-6.5-11.4-8.7-17.4-4.7z\"><\/path><\/svg>\t\t\t\t<\/span>\n\t\t\t<\/div>\n\t\t\t\n\t\t\t\t\t\t<div class=\"elementor-icon-box-content\">\n\n\t\t\t\t\t\t\t\t\t<h3 class=\"elementor-icon-box-title\">\n\t\t\t\t\t\t<span  >\n\t\t\t\t\t\t\tDatengesteuerte Personalbeschaffung\t\t\t\t\t\t<\/span>\n\t\t\t\t\t<\/h3>\n\t\t\t\t\n\t\t\t\t\t\t\t\t\t<p class=\"elementor-icon-box-description\">\n\t\t\t\t\t\tTapasztalt csapatunk r\u00e9szben automatiz\u00e1lt, AI-t\u00e1mogatott folyamatokat alkalmaz annak \u00e9rdek\u00e9ben, hogy ler\u00f6vid\u00edts\u00fck a toborz\u00e1s idej\u00e9t an\u00e9lk\u00fcl, hogy a min\u0151s\u00e9gb\u0151l engedn\u00e9nk. Munk\u00e1nkat egy akt\u00edv, t\u00falnyom\u00f3r\u00e9szt \u2013 mintegy 80%-ban \u2013 IT szakemberekb\u0151l \u00e1ll\u00f3 adatb\u00e1zis is t\u00e1mogatja, \u00edgy nem null\u00e1r\u00f3l indulunk: pontosan tudjuk, kihez \u00e9rdemes fordulnunk egy-egy poz\u00edci\u00f3 kapcs\u00e1n.\nSz\u00e1munkra nem c\u00e9l, hogy nagy mennyis\u00e9gben, de irrelev\u00e1ns \u00f6n\u00e9letrajzokat tov\u00e1bb\u00edtsunk, hiszen ez mind az \u00fcgyf\u00e9l, mind a mi er\u0151forr\u00e1sainkat terheli. Ehelyett a hangs\u00falyt az ig\u00e9nyek m\u00e9ly meg\u00e9rt\u00e9s\u00e9re \u00e9s a c\u00e9lzott keres\u00e9sre helyezz\u00fck.\nAz IT piacon a gyorsas\u00e1g kulcsfontoss\u00e1g\u00fa: a legjobb jel\u00f6ltek r\u00f6vid id\u0151n bel\u00fcl t\u00f6bb aj\u00e1nlat k\u00f6z\u00fcl v\u00e1lasztanak. \u00c9ppen ez\u00e9rt kiemelten fontos sz\u00e1munkra a gyors, ugyanakkor \u00e1tgondolt m\u0171k\u00f6d\u00e9s, a folyamatos visszajelz\u00e9s \u00e9s a hat\u00e9kony kommunik\u00e1ci\u00f3 \u2013 mind az \u00fcgyfelek, mind a jel\u00f6ltek ir\u00e1ny\u00e1ba.\n\t\t\t\t\t<\/p>\n\t\t\t\t\n\t\t\t<\/div>\n\t\t\t\n\t\t<\/div>\n\t\t\t\t\t\t<\/div>\n\t\t<div class=\"elementor-element elementor-element-df0fd3a e-con-full e-flex e-con e-child\" data-id=\"df0fd3a\" data-element_type=\"container\" data-e-type=\"container\">\n\t\t\t\t<\/div>\n\t\t<div class=\"elementor-element elementor-element-eb153f4 e-con-full e-flex e-con e-child\" data-id=\"eb153f4\" data-element_type=\"container\" data-e-type=\"container\">\n\t\t\t\t<\/div>\n\t\t\t\t<div class=\"elementor-element elementor-element-e43b4b3 elementor-view-default elementor-position-block-start elementor-mobile-position-block-start elementor-widget elementor-widget-icon-box\" data-id=\"e43b4b3\" data-element_type=\"widget\" data-e-type=\"widget\" data-widget_type=\"icon-box.default\">\n\t\t\t\t\t\t\t<div class=\"elementor-icon-box-wrapper\">\n\n\t\t\t\t\t\t<div class=\"elementor-icon-box-icon\">\n\t\t\t\t<span  class=\"elementor-icon\">\n\t\t\t\t<svg aria-hidden=\"true\" class=\"e-font-icon-svg e-fas-shield-alt\" viewbox=\"0 0 512 512\" xmlns=\"http:\/\/www.w3.org\/2000\/svg\"><path d=\"M466.5 83.7l-192-80a48.15 48.15 0 0 0-36.9 0l-192 80C27.7 91.1 16 108.6 16 128c0 198.5 114.5 335.7 221.5 380.3 11.8 4.9 25.1 4.9 36.9 0C360.1 472.6 496 349.3 496 128c0-19.4-11.7-36.9-29.5-44.3zM256.1 446.3l-.1-381 175.9 73.3c-3.3 151.4-82.1 261.1-175.8 307.7z\"><\/path><\/svg>\t\t\t\t<\/span>\n\t\t\t<\/div>\n\t\t\t\n\t\t\t\t\t\t<div class=\"elementor-icon-box-content\">\n\n\t\t\t\t\t\t\t\t\t<h3 class=\"elementor-icon-box-title\">\n\t\t\t\t\t\t<span  >\n\t\t\t\t\t\t\tZuverl\u00e4ssigkeit &amp; Schnelligkeit\t\t\t\t\t\t<\/span>\n\t\t\t\t\t<\/h3>\n\t\t\t\t\n\t\t\t\t\t\t\t\t\t<p class=\"elementor-icon-box-description\">\n\t\t\t\t\t\tTapasztalt csapatunk r\u00e9szben automatiz\u00e1lt, AI-t\u00e1mogatott folyamatokat alkalmaz annak \u00e9rdek\u00e9ben, hogy ler\u00f6vid\u00edts\u00fck a toborz\u00e1s idej\u00e9t an\u00e9lk\u00fcl, hogy a min\u0151s\u00e9gb\u0151l engedn\u00e9nk. Munk\u00e1nkat egy akt\u00edv, t\u00falnyom\u00f3r\u00e9szt \u2013 mintegy 80%-ban \u2013 IT szakemberekb\u0151l \u00e1ll\u00f3 adatb\u00e1zis is t\u00e1mogatja, \u00edgy nem null\u00e1r\u00f3l indulunk: pontosan tudjuk, kihez \u00e9rdemes fordulnunk egy-egy poz\u00edci\u00f3 kapcs\u00e1n.\n\nSz\u00e1munkra nem c\u00e9l, hogy nagy mennyis\u00e9gben, de irrelev\u00e1ns \u00f6n\u00e9letrajzokat tov\u00e1bb\u00edtsunk, hiszen ez mind az \u00fcgyf\u00e9l, mind a mi er\u0151forr\u00e1sainkat terheli. Ehelyett a hangs\u00falyt az ig\u00e9nyek m\u00e9ly meg\u00e9rt\u00e9s\u00e9re \u00e9s a c\u00e9lzott keres\u00e9sre helyezz\u00fck.\n\nAz IT piacon a gyorsas\u00e1g kulcsfontoss\u00e1g\u00fa: a legjobb jel\u00f6ltek r\u00f6vid id\u0151n bel\u00fcl t\u00f6bb aj\u00e1nlat k\u00f6z\u00fcl v\u00e1lasztanak. \u00c9ppen ez\u00e9rt kiemelten fontos sz\u00e1munkra a gyors, ugyanakkor \u00e1tgondolt m\u0171k\u00f6d\u00e9s, a folyamatos visszajelz\u00e9s \u00e9s a hat\u00e9kony kommunik\u00e1ci\u00f3 \u2013 mind az \u00fcgyfelek, mind a jel\u00f6ltek ir\u00e1ny\u00e1ba.\n\t\t\t\t\t<\/p>\n\t\t\t\t\n\t\t\t<\/div>\n\t\t\t\n\t\t<\/div>\n\t\t\t\t\t\t<\/div>\n\t\t<div class=\"elementor-element elementor-element-9b3ad46 e-con-full e-flex e-con e-child\" data-id=\"9b3ad46\" data-element_type=\"container\" data-e-type=\"container\">\n\t\t\t\t<\/div>\n\t\t<div class=\"elementor-element elementor-element-4d36627 e-con-full e-flex e-con e-child\" data-id=\"4d36627\" data-element_type=\"container\" data-e-type=\"container\">\n\t\t\t\t<\/div>\n\t\t\t\t<div class=\"elementor-element elementor-element-fee7b1b elementor-view-default elementor-position-block-start elementor-mobile-position-block-start elementor-widget elementor-widget-icon-box\" data-id=\"fee7b1b\" data-element_type=\"widget\" data-e-type=\"widget\" data-widget_type=\"icon-box.default\">\n\t\t\t\t\t\t\t<div class=\"elementor-icon-box-wrapper\">\n\n\t\t\t\t\t\t<div class=\"elementor-icon-box-icon\">\n\t\t\t\t<span  class=\"elementor-icon\">\n\t\t\t\t<svg aria-hidden=\"true\" class=\"e-font-icon-svg e-fas-handshake\" viewbox=\"0 0 640 512\" xmlns=\"http:\/\/www.w3.org\/2000\/svg\"><path d=\"M434.7 64h-85.9c-8 0-15.7 3-21.6 8.4l-98.3 90c-.1.1-.2.3-.3.4-16.6 15.6-16.3 40.5-2.1 56 12.7 13.9 39.4 17.6 56.1 2.7.1-.1.3-.1.4-.2l79.9-73.2c6.5-5.9 16.7-5.5 22.6 1 6 6.5 5.5 16.6-1 22.6l-26.1 23.9L504 313.8c2.9 2.4 5.5 5 7.9 7.7V128l-54.6-54.6c-5.9-6-14.1-9.4-22.6-9.4zM544 128.2v223.9c0 17.7 14.3 32 32 32h64V128.2h-96zm48 223.9c-8.8 0-16-7.2-16-16s7.2-16 16-16 16 7.2 16 16-7.2 16-16 16zM0 384h64c17.7 0 32-14.3 32-32V128.2H0V384zm48-63.9c8.8 0 16 7.2 16 16s-7.2 16-16 16-16-7.2-16-16c0-8.9 7.2-16 16-16zm435.9 18.6L334.6 217.5l-30 27.5c-29.7 27.1-75.2 24.5-101.7-4.4-26.9-29.4-24.8-74.9 4.4-101.7L289.1 64h-83.8c-8.5 0-16.6 3.4-22.6 9.4L128 128v223.9h18.3l90.5 81.9c27.4 22.3 67.7 18.1 90-9.3l.2-.2 17.9 15.5c15.9 13 39.4 10.5 52.3-5.4l31.4-38.6 5.4 4.4c13.7 11.1 33.9 9.1 45-4.7l9.5-11.7c11.2-13.8 9.1-33.9-4.6-45.1z\"><\/path><\/svg>\t\t\t\t<\/span>\n\t\t\t<\/div>\n\t\t\t\n\t\t\t\t\t\t<div class=\"elementor-icon-box-content\">\n\n\t\t\t\t\t\t\t\t\t<h3 class=\"elementor-icon-box-title\">\n\t\t\t\t\t\t<span  >\n\t\t\t\t\t\t\tStrategische Partnerschaft\t\t\t\t\t\t<\/span>\n\t\t\t\t\t<\/h3>\n\t\t\t\t\n\t\t\t\t\t\t\t\t\t<p class=\"elementor-icon-box-description\">\n\t\t\t\t\t\tNem r\u00f6vid t\u00e1v\u00fa sikerekben gondolkodunk, hanem \u00fcgyfeleinkkel \u00e9s jel\u00f6ltjeinkkel is hossz\u00fa \u00e9vekre sz\u00f3l\u00f3, bizalmon alapul\u00f3 kapcsolatokat \u00e9p\u00edt\u00fcnk. Ennek alapja a transzparens, \u0151szinte kommunik\u00e1ci\u00f3: ny\u00edltan besz\u00e9l\u00fcnk az elv\u00e1r\u00e1sokr\u00f3l, a lehet\u0151s\u00e9gekr\u0151l \u00e9s a kih\u00edv\u00e1sokr\u00f3l is, mert hissz\u00fck, hogy val\u00f3di partners\u00e9g csak \u00edgy j\u00f6het l\u00e9tre.\n\u00dcgyfeleink sz\u00e1m\u00e1ra kialak\u00edtott, nyugati mint\u00e1ra \u00e9p\u00fcl\u0151 fizet\u00e9si konstrukci\u00f3nk is ezt a hossz\u00fa t\u00e1v\u00fa szeml\u00e9letet t\u00fckr\u00f6zi, mik\u00f6zben minden esetben rugalmas, szem\u00e9lyre szabott megold\u00e1sokat k\u00edn\u00e1lunk. Nem sablonokban gondolkodunk \u2013 c\u00e9lunk, hogy val\u00f3ban meg\u00e9rts\u00fck partnereink m\u0171k\u00f6d\u00e9s\u00e9t, \u00e9s ehhez illeszked\u0151, fenntarthat\u00f3 toborz\u00e1si megold\u00e1sokat ny\u00fajtsunk.\nSz\u00e1munkra a siker nem egy lez\u00e1rt poz\u00edci\u00f3, hanem egy j\u00f3l m\u0171k\u00f6d\u0151 \u00fczleti kapcsolat, amely hossz\u00fa t\u00e1von is \u00e9rt\u00e9ket teremt mindk\u00e9t f\u00e9l sz\u00e1m\u00e1ra.\n\t\t\t\t\t<\/p>\n\t\t\t\t\n\t\t\t<\/div>\n\t\t\t\n\t\t<\/div>\n\t\t\t\t\t\t<\/div>\n\t\t<div class=\"elementor-element elementor-element-78a5cc9 e-con-full e-flex e-con e-child\" data-id=\"78a5cc9\" data-element_type=\"container\" data-e-type=\"container\">\n\t\t\t\t<\/div>\n\t\t<div class=\"elementor-element elementor-element-d900892 e-con-full e-flex e-con e-child\" data-id=\"d900892\" data-element_type=\"container\" data-e-type=\"container\">\n\t\t\t\t<\/div>\n\t\t<div class=\"elementor-element elementor-element-b258eed e-con-full e-flex e-con e-child\" data-id=\"b258eed\" data-element_type=\"container\" data-e-type=\"container\">\n\t\t\t\t<\/div>\n\t\t\t\t<\/div>\n\t\t<div class=\"elementor-element elementor-element-64bb653 e-con-full e-flex e-con e-child\" data-id=\"64bb653\" data-element_type=\"container\" data-e-type=\"container\">\n\t\t\t\t<\/div>\n\t\t\t\t<\/div>\n\t\t\t\t\t<\/div>\n\t\t\t\t<\/div>\n\t\t\t\t<\/div>","protected":false},"excerpt":{"rendered":"<p>A TechGenius Recruitment egyszer\u0171, de ann\u00e1l er\u0151sebb v\u00edzi\u00f3b\u00f3l sz\u00fcletett:\u00f6sszek\u00f6tni a tehets\u00e9ges IT-szakembereket azokkal a c\u00e9gekkel, amelyek val\u00f3di innov\u00e1ci\u00f3t szeretn\u00e9nek l\u00e9trehozni. A TechGenius Recruitment t\u00f6rt\u00e9nete k\u00e9t elhivatott IT-tan\u00e1csad\u00f3val kezd\u0151d\u00f6tt. Az alap\u00edt\u00f3k \u00e9veken \u00e1t dolgoztak egy\u00fctt, k\u00fcl\u00f6nb\u00f6z\u0151 v\u00e1llalatokat seg\u00edtve a tech szakemberek megtal\u00e1l\u00e1s\u00e1ban. Nap mint nap azt l\u00e1tt\u00e1k, hogy a gyorsan v\u00e1ltoz\u00f3 IT-munkaer\u0151piacra a hagyom\u00e1nyos toborz\u00e1si m\u00f3dszerek [&hellip;]<\/p>\n","protected":false},"author":1,"featured_media":0,"parent":0,"menu_order":0,"comment_status":"closed","ping_status":"closed","template":"","meta":{"rs_blank_template":"","rs_page_bg_color":"","slide_template_v7":"","footnotes":""},"class_list":["post-8627","page","type-page","status-publish","hentry"],"_links":{"self":[{"href":"https:\/\/techgenius.hu\/de\/wp-json\/wp\/v2\/pages\/8627","targetHints":{"allow":["GET"]}}],"collection":[{"href":"https:\/\/techgenius.hu\/de\/wp-json\/wp\/v2\/pages"}],"about":[{"href":"https:\/\/techgenius.hu\/de\/wp-json\/wp\/v2\/types\/page"}],"author":[{"embeddable":true,"href":"https:\/\/techgenius.hu\/de\/wp-json\/wp\/v2\/users\/1"}],"replies":[{"embeddable":true,"href":"https:\/\/techgenius.hu\/de\/wp-json\/wp\/v2\/comments?post=8627"}],"version-history":[{"count":65,"href":"https:\/\/techgenius.hu\/de\/wp-json\/wp\/v2\/pages\/8627\/revisions"}],"predecessor-version":[{"id":9503,"href":"https:\/\/techgenius.hu\/de\/wp-json\/wp\/v2\/pages\/8627\/revisions\/9503"}],"wp:attachment":[{"href":"https:\/\/techgenius.hu\/de\/wp-json\/wp\/v2\/media?parent=8627"}],"curies":[{"name":"wp","href":"https:\/\/api.w.org\/{rel}","templated":true}]}}